{"id":1139,"date":"2019-02-13T10:02:01","date_gmt":"2019-02-13T09:02:01","guid":{"rendered":"http:\/\/www.frenco-italy.com\/home\/"},"modified":"2023-01-19T12:45:48","modified_gmt":"2023-01-19T11:45:48","slug":"home","status":"publish","type":"page","link":"https:\/\/www.frenco-italy.com\/fr\/","title":{"rendered":"Home"},"content":{"rendered":"<p>[vc_row full_width=\u00a0\u00bbstretch_row_content_no_spaces\u00a0\u00bb css=\u00a0\u00bb.vc_custom_1550218959086{padding-top: 0px !important;padding-bottom: 0px !important;}\u00a0\u00bb el_class=\u00a0\u00bbhome-slider\u00a0\u00bb][vc_column]<div class=\"composer-primary-slider\" data-items=\"1\" data-loop=\"true\" data-autoplay=\"false\" data-autoplay-timeout=\"5000\" data-nav=\"false\" data-autoplay_hover_pause=\"true\" data-dots=\"true\"><div class=\"slider-content align-center  vc_custom_1556614221688\"><div class=\"slider-wrap\"><div class=\"slider-wrap-inner\"><h2 class=\"slide-title\" style=\" font-size: 68px; text-transform: none; line-height: 72px; color: #ffffff;\"><strong>Brake<\/strong> shoes<br \/>\nwithout brakes<\/h2><p class=\"slide-content\" style=\" font-size: 18px; line-height: 22px; color: #ffffff;\">FRENCO est un point de r\u00e9f\u00e9rence pour la r\u00e9alisation de m\u00e2choires de frein sur projet du client. Aujourd\u2019hui, il peut devenir le v\u00f4tre.<\/p><div class=\"pix_button \"><a href=\"https:\/\/www.frenco-italy.com\/fr\/lentreprise\/a-propos\/\"  class=\"clear btn btn-solid btn-hover-outline btn-rectangle white btn-hover-color btn-custom\"style=\"font-size:18px;padding: 20px 30px;\">D\u00c9COUVRIR PLUS<\/a><\/div><\/div><\/div><\/div><div class=\"slider-content align-center  vc_custom_1556614184671\"><div class=\"slider-wrap\"><div class=\"slider-wrap-inner\"><h2 class=\"slide-title\" style=\" font-size: 68px; text-transform: none; line-height: 72px; color: #ffffff;\">Inseparable<strong><br \/>\nfriction<\/strong><\/h2><p class=\"slide-content\" style=\" font-size: 18px; line-height: 22px; color: #ffffff;\">FRENCO r\u00e9alise pour ses clients le collage et le rivetage des garnitures pour diff\u00e9rentes applications, \u00e9galement pour le compte de tiers. Des liens indissolubles, construits pour durer.<\/p><div class=\"pix_button \"><a href=\"https:\/\/www.frenco-italy.com\/fr\/produits\/collage-et-revetement-de-garnitures\/\"  class=\"clear btn btn-solid btn-hover-outline btn-rectangle white btn-hover-color btn-custom\"style=\"font-size:18px;padding: 20px 30px;\">D\u00c9COUVRIR PLUS<\/a><\/div><\/div><\/div><\/div><\/div>[\/vc_column][\/vc_row][vc_row full_width=\u00a0\u00bbstretch_row\u00a0\u00bb equal_height=\u00a0\u00bbyes\u00a0\u00bb content_placement=\u00a0\u00bbmiddle\u00a0\u00bb css=\u00a0\u00bb.vc_custom_1550218902923{padding-top: 100px !important;padding-bottom: 100px !important;background-position: center !important;background-repeat: no-repeat !important;background-size: cover !important;}\u00a0\u00bb][vc_column width=\u00a0\u00bb1\/6&Prime; set_column_height=\u00a0\u00bbyes\u00a0\u00bb column_height=\u00a0\u00bb540px\u00a0\u00bb][\/vc_column][vc_column width=\u00a0\u00bb2\/3&Prime; css=\u00a0\u00bb.vc_custom_1550218894012{padding-top: 0px !important;padding-bottom: 0px !important;}\u00a0\u00bb][vc_column_text css_animation=\u00a0\u00bbfadeInUp\u00a0\u00bb el_class=\u00a0\u00bbmagenta-title\u00a0\u00bb css=\u00a0\u00bb.vc_custom_1556613705188{margin-bottom: 0px !important;padding-bottom: 0px !important;}\u00a0\u00bb]<\/p>\n<h2 style=\"text-align: center;\">\u00c0 propos<\/h2>\n<p>[\/vc_column_text][vc_separator color=\u00a0\u00bbblack\u00a0\u00bb border_width=\u00a0\u00bb2&Prime; el_width=\u00a0\u00bb10&Prime; css_animation=\u00a0\u00bbfadeInUp\u00a0\u00bb][vc_column_text css_animation=\u00a0\u00bbfadeInUp\u00a0\u00bb]Fort de plus de 50 ans d\u2019exp\u00e9rience, FRENCO est leader de la production de m\u00e2choires de frein et de m\u00e2choires de frein assembl\u00e9es \u00e9quipant les essieux des tracteurs agricoles et des camions l\u00e9gers. FRENCO est sp\u00e9cialis\u00e9 dans le collage des garnitures pour la r\u00e9alisation d\u2019embrayages et de syst\u00e8mes de freinage de diff\u00e9rents types. Le d\u00e9partement AXF r\u00e9alise des essieux frein\u00e9s et non frein\u00e9s \u00e0 torsion pour le secteur des camions l\u00e9gers.[\/vc_column_text]<div class=\"pix_button clear button-center\"><a href=\"https:\/\/www.frenco-italy.com\/fr\/lentreprise\/a-propos\/\" title=\"\"  class=\"btn btn-outline btn-rectangle  btn-md  \">D\u00c9COUVRIR PLUS<\/a><\/div>[\/vc_column][vc_column width=\u00a0\u00bb1\/6&Prime;][\/vc_column][\/vc_row][vc_row full_width=\u00a0\u00bbstretch_row_content_no_spaces\u00a0\u00bb content_placement=\u00a0\u00bbmiddle\u00a0\u00bb css=\u00a0\u00bb.vc_custom_1550238045226{padding-top: 0px !important;padding-bottom: 0px !important;background-image: url(http:\/\/www.frenco-italy.com\/wp-content\/uploads\/2019\/02\/prodotti-base.jpg?id=346) !important;background-position: center !important;background-repeat: no-repeat !important;background-size: cover !important;}\u00a0\u00bb el_class=\u00a0\u00bbprodotto-trick-container\u00a0\u00bb][vc_column width=\u00a0\u00bb1\/3&Prime; set_column_height=\u00a0\u00bbyes\u00a0\u00bb column_height=\u00a0\u00bb472px\u00a0\u00bb css=\u00a0\u00bb.vc_custom_1550221678679{padding-top: 0px !important;}\u00a0\u00bb][vc_column_text el_id=\u00a0\u00bbprodotti-ganasce\u00a0\u00bb el_class=\u00a0\u00bbprodotto-trick\u00a0\u00bb]<strong>M\u00c2CHOIRES DE FREIN ET M\u00c2CHOIRES DE FREIN ASSEMBL\u00c9ES<\/strong><\/p>\n<p>FRENCO r\u00e9alise des m\u00e2choires de frein et m\u00e2choires de frein assembl\u00e9es pour les fabricants d\u2019essieux de diff\u00e9rents types, notamment pour le secteur agricole et le march\u00e9 apr\u00e8s-vente.<\/p>\n<p><a class=\"btn btn-outline btn-rectangle btn-sm white \" title=\"\" href=\"http:\/\/www.frenco-italy.com\/fr\/produits\/machoires-de-frein-et-machoires-de-frein-assemblees\/\">D\u00c9COUVRIR<\/a>[\/vc_column_text][vc_column_text el_id=\u00a0\u00bbprodotti-incollaggio\u00a0\u00bb el_class=\u00a0\u00bbprodotto-trick\u00a0\u00bb]<strong>COLLAGE ET REV\u00caTEMENT DE GARNITURES<\/strong><\/p>\n<p>FRENCO r\u00e9alise le collage et le rivetage de mat\u00e9riaux de friction, pour une utilisation dans les secteurs les plus divers. Le savoir-faire de FRENCO est \u00e0 disposition pour des projets de tiers.<\/p>\n<p><a class=\"btn btn-outline btn-rectangle btn-sm white \" title=\"\" href=\"http:\/\/www.frenco-italy.com\/fr\/produits\/collage-et-revetement-de-garnitures\/\">D\u00c9COUVRIR<\/a>[\/vc_column_text][\/vc_column][vc_column width=\u00a0\u00bb2\/3&Prime;][\/vc_column][\/vc_row][vc_row full_width=\u00a0\u00bbstretch_row\u00a0\u00bb equal_height=\u00a0\u00bbyes\u00a0\u00bb content_placement=\u00a0\u00bbmiddle\u00a0\u00bb css=\u00a0\u00bb.vc_custom_1549964330986{padding-top: 25px !important;padding-bottom: 60px !important;background-color: #f7f6f4 !important;background-position: center !important;background-repeat: no-repeat !important;background-size: cover !important;}\u00a0\u00bb el_class=\u00a0\u00bbfooter-cta\u00a0\u00bb][vc_column width=\u00a0\u00bb1\/6&Prime;][\/vc_column][vc_column width=\u00a0\u00bb3\/6&Prime;][vc_column_text]<strong>TAKE A <span style=\"color: #cf392c;\">BRAKE<\/span> WITH US<br \/>\n<\/strong>D\u00e9couvrez sans engagement nos solutions adapt\u00e9es \u00e0 vos besoins.[\/vc_column_text][\/vc_column][vc_column width=\u00a0\u00bb1\/6&Prime;]<div class=\"pix_button clear button-center\"><a href=\"https:\/\/www.frenco-italy.com\/fr\/contacts\/\" title=\"\"  class=\"btn btn-outline btn-rectangle  btn-md colorbtn rounded-btn\">Contactez-nous<\/a><\/div>[\/vc_column][vc_column width=\u00a0\u00bb1\/6&Prime;][\/vc_column][\/vc_row][vc_row full_width=\u00a0\u00bbstretch_row_content_no_spaces\u00a0\u00bb content_placement=\u00a0\u00bbmiddle\u00a0\u00bb color_style=\u00a0\u00bblight\u00a0\u00bb css=\u00a0\u00bb.vc_custom_1550500940529{padding-top: 50px !important;padding-bottom: 50px !important;background-image: url(http:\/\/www.frenco-italy.com\/wp-content\/uploads\/2019\/02\/sfondo17.jpg?id=329) !important;background-position: center !important;background-repeat: no-repeat !important;background-size: cover !important;}\u00a0\u00bb][vc_column width=\u00a0\u00bb1\/6&Prime;][\/vc_column][vc_column color_style=\u00a0\u00bblight\u00a0\u00bb width=\u00a0\u00bb2\/3&Prime; css=\u00a0\u00bb.vc_custom_1550219747001{margin-bottom: 0px !important;padding-top: 0px !important;padding-bottom: 0px !important;}\u00a0\u00bb el_class=\u00a0\u00bbaxf-cta\u00a0\u00bb]<div class=\" size-md align-center clearfix \"  ><h2 class=\"main-title title uppercase sub-title-con \" style=\"font-family: 'Lato', san-serif;font-size: 62px;font-style: normal;font-weight: 700;\">AXF<\/h2><p class=\"sub-title\" style=\"font-family: 'Lato', san-serif;font-size: 62px;font-style: normal;font-weight: 700;\">axles born to last<\/p><\/div>[vc_column_text]<\/p>\n<p style=\"text-align: center;\">Depuis 2010, FRENCO a d\u00e9cid\u00e9 de diversifier sa production, en reprenant une soci\u00e9t\u00e9 historique sp\u00e9cialis\u00e9e dans la fabrication d\u2019essieux frein\u00e9s et non frein\u00e9s \u00e0 inertie, vis sph\u00e9riques et timons.<\/p>\n<p style=\"text-align: center;\">D\u00e9couvrez la branche AXF de FRENCO consacr\u00e9e aux essieux \u00e0 torsion et aux syst\u00e8mes de freinage.<\/p>\n<p>[\/vc_column_text]<div class=\"pix_button clear button-center\"><a href=\"https:\/\/www.axf-axles.com\/fr\/\" title=\"\"  class=\"btn btn-solid btn-rectangle  btn-md white \">ALLER AU SITE<\/a><\/div>[\/vc_column][vc_column width=\u00a0\u00bb1\/6&Prime;][\/vc_column][\/vc_row]<\/p>\n","protected":false},"excerpt":{"rendered":"<p>[vc_row full_width=\u00a0\u00bbstretch_row_content_no_spaces\u00a0\u00bb css=\u00a0\u00bb.vc_custom_1550218959086{padding-top: 0px !important;padding-bottom: 0px !important;}\u00a0\u00bb el_class=\u00a0\u00bbhome-slider\u00a0\u00bb][vc_column][\/vc_column][\/vc_row][vc_row full_width=\u00a0\u00bbstretch_row\u00a0\u00bb equal_height=\u00a0\u00bbyes\u00a0\u00bb content_placement=\u00a0\u00bbmiddle\u00a0\u00bb css=\u00a0\u00bb.vc_custom_1550218902923{padding-top: 100px !important;padding-bottom: 100px !important;background-position: center !important;background-repeat: no-repeat !important;background-size: cover !important;}\u00a0\u00bb][vc_column width=\u00a0\u00bb1\/6&Prime; set_column_height=\u00a0\u00bbyes\u00a0\u00bb column_height=\u00a0\u00bb540px\u00a0\u00bb][\/vc_column][vc_column width=\u00a0\u00bb2\/3&Prime; css=\u00a0\u00bb.vc_custom_1550218894012{padding-top: 0px !important;padding-bottom: 0px !important;}\u00a0\u00bb][vc_column_text css_animation=\u00a0\u00bbfadeInUp\u00a0\u00bb el_class=\u00a0\u00bbmagenta-title\u00a0\u00bb css=\u00a0\u00bb.vc_custom_1556613705188{margin-bottom: 0px !important;padding-bottom: 0px !important;}\u00a0\u00bb] \u00c0 propos&#8230;<\/p>\n","protected":false},"author":1,"featured_media":0,"parent":0,"menu_order":0,"comment_status":"closed","ping_status":"closed","template":"","meta":[],"_links":{"self":[{"href":"https:\/\/www.frenco-italy.com\/fr\/wp-json\/wp\/v2\/pages\/1139"}],"collection":[{"href":"https:\/\/www.frenco-italy.com\/fr\/wp-json\/wp\/v2\/pages"}],"about":[{"href":"https:\/\/www.frenco-italy.com\/fr\/wp-json\/wp\/v2\/types\/page"}],"author":[{"embeddable":true,"href":"https:\/\/www.frenco-italy.com\/fr\/wp-json\/wp\/v2\/users\/1"}],"replies":[{"embeddable":true,"href":"https:\/\/www.frenco-italy.com\/fr\/wp-json\/wp\/v2\/comments?post=1139"}],"version-history":[{"count":7,"href":"https:\/\/www.frenco-italy.com\/fr\/wp-json\/wp\/v2\/pages\/1139\/revisions"}],"predecessor-version":[{"id":1344,"href":"https:\/\/www.frenco-italy.com\/fr\/wp-json\/wp\/v2\/pages\/1139\/revisions\/1344"}],"wp:attachment":[{"href":"https:\/\/www.frenco-italy.com\/fr\/wp-json\/wp\/v2\/media?parent=1139"}],"curies":[{"name":"wp","href":"https:\/\/api.w.org\/{rel}","templated":true}]}}