{"id":1066,"date":"2019-02-13T11:04:18","date_gmt":"2019-02-13T10:04:18","guid":{"rendered":"http:\/\/www.frenco-italy.com\/processo-produttivo\/"},"modified":"2019-04-30T10:33:42","modified_gmt":"2019-04-30T08:33:42","slug":"processus-de-production","status":"publish","type":"page","link":"https:\/\/www.frenco-italy.com\/fr\/processus-de-production\/","title":{"rendered":"Processus de production"},"content":{"rendered":"<p>[vc_row full_width=\u00a0\u00bbstretch_row_content_no_spaces\u00a0\u00bb content_placement=\u00a0\u00bbtop\u00a0\u00bb color_style=\u00a0\u00bblight\u00a0\u00bb css=\u00a0\u00bb.vc_custom_1550052794142{padding-top: 150px !important;padding-bottom: 90px !important;background-image: url(http:\/\/www.frenco-italy.com\/wp-content\/uploads\/2019\/02\/sfondo8.jpg?id=142) !important;background-position: center !important;background-repeat: no-repeat !important;background-size: cover !important;}\u00a0\u00bb el_class=\u00a0\u00bbcircle-header\u00a0\u00bb][vc_column width=\u00a0\u00bb1\/6&Prime;][\/vc_column][vc_column width=\u00a0\u00bb2\/3&Prime;]<div class=\" size-sm align-center clearfix  pix-animate-cre\" data-trans=\"fadeInUp\"  data-duration=\"\"  data-delay=\"\"><h1 class=\"main-title title \" style=\"font-size: 60px; \">Processus de production<\/h1><\/div>[\/vc_column][vc_column width=\u00a0\u00bb1\/6&Prime;][\/vc_column][\/vc_row][vc_row full_width=\u00a0\u00bbstretch_row\u00a0\u00bb equal_height=\u00a0\u00bbyes\u00a0\u00bb content_placement=\u00a0\u00bbmiddle\u00a0\u00bb css=\u00a0\u00bb.vc_custom_1549962263854{padding-top: 60px !important;padding-bottom: 0px !important;background-position: center !important;background-repeat: no-repeat !important;background-size: cover !important;}\u00a0\u00bb][vc_column width=\u00a0\u00bb1\/6&Prime; set_column_height=\u00a0\u00bbyes\u00a0\u00bb column_height=\u00a0\u00bb540px\u00a0\u00bb][\/vc_column][vc_column width=\u00a0\u00bb2\/3&Prime;]<div class=\" size-sm align-center clearfix  pix-animate-cre\" data-trans=\"fadeInUp\"  data-duration=\"\"  data-delay=\"\"><h1 class=\"main-title title \" style=\"font-size: 30px; \">Processus de production<\/h1><\/div>[vc_separator color=\u00a0\u00bbblack\u00a0\u00bb border_width=\u00a0\u00bb2&Prime; el_width=\u00a0\u00bb10&Prime; css_animation=\u00a0\u00bbfadeInUp\u00a0\u00bb][vc_column_text css_animation=\u00a0\u00bbfadeInUp\u00a0\u00bb]FRENCO garantit la tra\u00e7abilit\u00e9 du produit, de l\u2019achat des mati\u00e8res premi\u00e8res jusqu\u2019au produit fini avec une programmation pr\u00e9cise de tous les processus.[\/vc_column_text][\/vc_column][vc_column width=\u00a0\u00bb1\/6&Prime;][\/vc_column][\/vc_row][vc_row full_width=\u00a0\u00bbstretch_row\u00a0\u00bb equal_height=\u00a0\u00bbyes\u00a0\u00bb content_placement=\u00a0\u00bbmiddle\u00a0\u00bb css_animation=\u00a0\u00bbfadeInUp\u00a0\u00bb css=\u00a0\u00bb.vc_custom_1550488419681{margin-right: 5px !important;margin-left: 5px !important;padding-top: 15px !important;padding-bottom: 15px !important;background-position: center !important;background-repeat: no-repeat !important;background-size: cover !important;border-radius: 4px !important;}\u00a0\u00bb][vc_column width=\u00a0\u00bb1\/3&Prime; css=\u00a0\u00bb.vc_custom_1550486564388{padding-top: 0px !important;padding-bottom: 0px !important;background-image: url(http:\/\/www.frenco-italy.com\/wp-content\/uploads\/2019\/02\/first.jpg?id=380) !important;border-radius: 1px !important;}\u00a0\u00bb el_class=\u00a0\u00bbprocesso-box\u00a0\u00bb][vc_column_text]<\/p>\n<p style=\"text-align: center;\"><em>01<\/em><br \/>\nCOUPE<\/p>\n<p>[\/vc_column_text][vc_separator color=\u00a0\u00bbwhite\u00a0\u00bb el_width=\u00a0\u00bb20&Prime;][\/vc_column][vc_column width=\u00a0\u00bb1\/3&Prime; css=\u00a0\u00bb.vc_custom_1550486570660{padding-top: 0px !important;padding-bottom: 0px !important;background-image: url(http:\/\/www.frenco-italy.com\/wp-content\/uploads\/2019\/02\/sfondo1.2.jpg?id=144) !important;}\u00a0\u00bb el_class=\u00a0\u00bbprocesso-box\u00a0\u00bb][vc_column_text]<\/p>\n<p style=\"text-align: center;\"><em>02<\/em><br \/>\nSOUDURE<\/p>\n<p>[\/vc_column_text][vc_separator color=\u00a0\u00bbwhite\u00a0\u00bb el_width=\u00a0\u00bb20&Prime;][\/vc_column][vc_column width=\u00a0\u00bb1\/3&Prime; css=\u00a0\u00bb.vc_custom_1550486576340{padding-top: 0px !important;padding-bottom: 0px !important;background-image: url(http:\/\/www.frenco-italy.com\/wp-content\/uploads\/2019\/02\/sfondo1.3.jpg?id=145) !important;}\u00a0\u00bb el_class=\u00a0\u00bbprocesso-box\u00a0\u00bb][vc_column_text]<\/p>\n<p style=\"text-align: center;\"><em>03<\/em><br \/>\nSABLAGE<\/p>\n<p>[\/vc_column_text][vc_separator color=\u00a0\u00bbwhite\u00a0\u00bb el_width=\u00a0\u00bb20&Prime;][\/vc_column][\/vc_row][vc_row full_width=\u00a0\u00bbstretch_row\u00a0\u00bb equal_height=\u00a0\u00bbyes\u00a0\u00bb content_placement=\u00a0\u00bbmiddle\u00a0\u00bb css_animation=\u00a0\u00bbfadeInUp\u00a0\u00bb css=\u00a0\u00bb.vc_custom_1550488429114{margin-right: 5px !important;margin-left: 5px !important;padding-top: 15px !important;padding-bottom: 15px !important;background-position: center !important;background-repeat: no-repeat !important;background-size: cover !important;border-radius: 4px !important;}\u00a0\u00bb][vc_column width=\u00a0\u00bb1\/3&Prime; css=\u00a0\u00bb.vc_custom_1550487657847{padding-top: 0px !important;padding-bottom: 0px !important;background-image: url(http:\/\/www.frenco-italy.com\/wp-content\/uploads\/2019\/02\/sfondo1.4.jpg?id=166) !important;border-radius: 1px !important;}\u00a0\u00bb el_class=\u00a0\u00bbprocesso-box\u00a0\u00bb][vc_column_text]<\/p>\n<p style=\"text-align: center;\"><em>04<\/em><br \/>\nENDUCTION PR\u00c9ALABLE<\/p>\n<p>[\/vc_column_text][vc_separator color=\u00a0\u00bbwhite\u00a0\u00bb el_width=\u00a0\u00bb20&Prime;][\/vc_column][vc_column width=\u00a0\u00bb1\/3&Prime; css=\u00a0\u00bb.vc_custom_1550487670981{padding-top: 0px !important;padding-bottom: 0px !important;background-image: url(http:\/\/www.frenco-italy.com\/wp-content\/uploads\/2019\/02\/sfondo1.5.jpg?id=167) !important;}\u00a0\u00bb el_class=\u00a0\u00bbprocesso-box\u00a0\u00bb][vc_column_text]<\/p>\n<p style=\"text-align: center;\"><em>05<\/em><br \/>\nRIVETAGE<\/p>\n<p>[\/vc_column_text][vc_separator color=\u00a0\u00bbwhite\u00a0\u00bb el_width=\u00a0\u00bb20&Prime;][\/vc_column][vc_column width=\u00a0\u00bb1\/3&Prime; css=\u00a0\u00bb.vc_custom_1550487684147{padding-top: 0px !important;padding-bottom: 0px !important;background-image: url(http:\/\/www.frenco-italy.com\/wp-content\/uploads\/2019\/02\/sfondo1.6.jpg?id=169) !important;}\u00a0\u00bb el_class=\u00a0\u00bbprocesso-box\u00a0\u00bb][vc_column_text]<\/p>\n<p style=\"text-align: center;\"><em>06<\/em><br \/>\nCOUPE GARNITURE<\/p>\n<p>[\/vc_column_text][vc_separator color=\u00a0\u00bbwhite\u00a0\u00bb el_width=\u00a0\u00bb20&Prime;][\/vc_column][\/vc_row][vc_row full_width=\u00a0\u00bbstretch_row\u00a0\u00bb equal_height=\u00a0\u00bbyes\u00a0\u00bb content_placement=\u00a0\u00bbmiddle\u00a0\u00bb css_animation=\u00a0\u00bbfadeInUp\u00a0\u00bb css=\u00a0\u00bb.vc_custom_1550488437848{margin-right: 5px !important;margin-left: 5px !important;padding-top: 15px !important;padding-bottom: 15px !important;background-position: center !important;background-repeat: no-repeat !important;background-size: cover !important;border-radius: 4px !important;}\u00a0\u00bb][vc_column width=\u00a0\u00bb1\/3&Prime; css=\u00a0\u00bb.vc_custom_1550487696686{padding-top: 0px !important;padding-bottom: 0px !important;background-image: url(http:\/\/www.frenco-italy.com\/wp-content\/uploads\/2019\/02\/sfondo1.7.jpg?id=172) !important;border-radius: 1px !important;}\u00a0\u00bb el_class=\u00a0\u00bbprocesso-box\u00a0\u00bb][vc_column_text]<\/p>\n<p style=\"text-align: center;\"><em>07<\/em><br \/>\nCOLLAGE<\/p>\n<p>[\/vc_column_text][vc_separator color=\u00a0\u00bbwhite\u00a0\u00bb el_width=\u00a0\u00bb20&Prime;][\/vc_column][vc_column width=\u00a0\u00bb1\/3&Prime; css=\u00a0\u00bb.vc_custom_1550487709968{padding-top: 0px !important;padding-bottom: 0px !important;background-image: url(http:\/\/www.frenco-italy.com\/wp-content\/uploads\/2019\/02\/sfondo1.8.jpg?id=173) !important;}\u00a0\u00bb el_class=\u00a0\u00bbprocesso-box\u00a0\u00bb][vc_column_text]<\/p>\n<p style=\"text-align: center;\"><em>08<\/em><br \/>\nRECTIFICATION<\/p>\n<p>[\/vc_column_text][vc_separator color=\u00a0\u00bbwhite\u00a0\u00bb el_width=\u00a0\u00bb20&Prime;][\/vc_column][vc_column width=\u00a0\u00bb1\/3&Prime; css=\u00a0\u00bb.vc_custom_1550487720780{padding-top: 0px !important;padding-bottom: 0px !important;background-image: url(http:\/\/www.frenco-italy.com\/wp-content\/uploads\/2019\/02\/sfondo1.9.jpg?id=174) !important;}\u00a0\u00bb el_class=\u00a0\u00bbprocesso-box\u00a0\u00bb][vc_column_text]<\/p>\n<p style=\"text-align: center;\"><em>09<\/em><br \/>\nASSEMBLAGE<\/p>\n<p>[\/vc_column_text][vc_separator color=\u00a0\u00bbwhite\u00a0\u00bb el_width=\u00a0\u00bb20&Prime;][\/vc_column][\/vc_row][vc_row full_width=\u00a0\u00bbstretch_row\u00a0\u00bb equal_height=\u00a0\u00bbyes\u00a0\u00bb content_placement=\u00a0\u00bbmiddle\u00a0\u00bb css=\u00a0\u00bb.vc_custom_1549962263854{padding-top: 60px !important;padding-bottom: 0px !important;background-position: center !important;background-repeat: no-repeat !important;background-size: cover !important;}\u00a0\u00bb][vc_column width=\u00a0\u00bb1\/6&Prime; set_column_height=\u00a0\u00bbyes\u00a0\u00bb column_height=\u00a0\u00bb540px\u00a0\u00bb][\/vc_column][vc_column width=\u00a0\u00bb2\/3&Prime;]<div class=\" size-sm align-center clearfix  pix-animate-cre\" data-trans=\"fadeInUp\"  data-duration=\"\"  data-delay=\"\"><h1 class=\"main-title title \" style=\"font-size: 30px; \">Parc Machines<\/h1><\/div>[vc_separator color=\u00a0\u00bbblack\u00a0\u00bb border_width=\u00a0\u00bb2&Prime; el_width=\u00a0\u00bb10&Prime;][vc_column_text css_animation=\u00a0\u00bbfadeInUp\u00a0\u00bb]<\/p>\n<p style=\"text-align: center;\">Le parc machine dont dispose FRENCO comprend :<\/p>\n<p>[\/vc_column_text][\/vc_column][vc_column width=\u00a0\u00bb1\/6&Prime;][\/vc_column][\/vc_row][vc_row full_width=\u00a0\u00bbstretch_row\u00a0\u00bb equal_height=\u00a0\u00bbyes\u00a0\u00bb content_placement=\u00a0\u00bbtop\u00a0\u00bb css=\u00a0\u00bb.vc_custom_1554536849069{padding-top: 25px !important;padding-bottom: 20px !important;background-color: #ffffff !important;background-position: center !important;background-repeat: no-repeat !important;background-size: cover !important;}\u00a0\u00bb el_class=\u00a0\u00bbmachines-row\u00a0\u00bb][vc_column width=\u00a0\u00bb1\/12&Prime;][\/vc_column][vc_column width=\u00a0\u00bb2\/12&Prime;]<div class=\"pix-icons clearfix center \"  ><span class=\"icon pixicon-square-check default icon-square\" style=\"color:#cf392c;\"><\/span><\/div>[vc_separator color=\u00a0\u00bbblack\u00a0\u00bb border_width=\u00a0\u00bb2&Prime; el_width=\u00a0\u00bb10&Prime;][vc_column_text]<\/p>\n<p style=\"text-align: center;\">ROBOTS DE<br \/>\nSOUDAGE<\/p>\n<p>&nbsp;<\/p>\n<p>[\/vc_column_text][\/vc_column][vc_column width=\u00a0\u00bb2\/12&Prime;][\/vc_column][vc_column width=\u00a0\u00bb2\/12&Prime;]<div class=\"pix-icons clearfix center \"  ><span class=\"icon pixicon-square-check default icon-square\" style=\"color:#cf392c;\"><\/span><\/div>[vc_separator color=\u00a0\u00bbblack\u00a0\u00bb border_width=\u00a0\u00bb2&Prime; el_width=\u00a0\u00bb10&Prime;][vc_column_text]<\/p>\n<p style=\"text-align: center;\">POSTES \u00c0 SOUDER<br \/>\n\u00c0 INDUCTION AUTOMATIS\u00c9S<\/p>\n<p>\u00a0[\/vc_column_text][\/vc_column][vc_column width=\u00a0\u00bb2\/12&Prime;][\/vc_column][vc_column width=\u00a0\u00bb2\/12&Prime;]<div class=\"pix-icons clearfix center \"  ><span class=\"icon pixicon-square-check default icon-square\" style=\"color:#cf392c;\"><\/span><\/div>[vc_separator color=\u00a0\u00bbblack\u00a0\u00bb border_width=\u00a0\u00bb2&Prime; el_width=\u00a0\u00bb10&Prime;][vc_column_text]<\/p>\n<p style=\"text-align: center;\">FOURS POUR LE COLLAGE EN GRANDE S\u00c9RIE<\/p>\n<p>[\/vc_column_text][\/vc_column][vc_column width=\u00a0\u00bb1\/12&Prime;][\/vc_column][\/vc_row][vc_row full_width=\u00a0\u00bbstretch_row\u00a0\u00bb equal_height=\u00a0\u00bbyes\u00a0\u00bb content_placement=\u00a0\u00bbtop\u00a0\u00bb css=\u00a0\u00bb.vc_custom_1554536949003{padding-top: 10px !important;padding-bottom: 20px !important;background-color: #ffffff !important;background-position: center !important;background-repeat: no-repeat !important;background-size: cover !important;}\u00a0\u00bb el_class=\u00a0\u00bbmachines-row\u00a0\u00bb][vc_column width=\u00a0\u00bb1\/12&Prime;][\/vc_column][vc_column width=\u00a0\u00bb2\/12&Prime;]<div class=\"pix-icons clearfix center \"  ><span class=\"icon pixicon-square-check default icon-square\" style=\"color:#cf392c;\"><\/span><\/div>[vc_separator color=\u00a0\u00bbblack\u00a0\u00bb border_width=\u00a0\u00bb2&Prime; el_width=\u00a0\u00bb10&Prime;][vc_column_text]<\/p>\n<p style=\"text-align: center;\">FOURS POUR LECOLLAGE EN PETITE S\u00c9RIE<\/p>\n<p>[\/vc_column_text][\/vc_column][vc_column width=\u00a0\u00bb2\/12&Prime;][\/vc_column][vc_column width=\u00a0\u00bb2\/12&Prime;]<div class=\"pix-icons clearfix center \"  ><span class=\"icon pixicon-square-check default icon-square\" style=\"color:#cf392c;\"><\/span><\/div>[vc_separator color=\u00a0\u00bbblack\u00a0\u00bb border_width=\u00a0\u00bb2&Prime; el_width=\u00a0\u00bb10&Prime;][vc_column_text]<\/p>\n<p style=\"text-align: center;\">RIVETEUSES SEMI-AUTOMATIQUES<\/p>\n<p>[\/vc_column_text][\/vc_column][vc_column width=\u00a0\u00bb2\/12&Prime;][\/vc_column][vc_column width=\u00a0\u00bb2\/12&Prime;]<div class=\"pix-icons clearfix center \"  ><span class=\"icon pixicon-square-check default icon-square\" style=\"color:#cf392c;\"><\/span><\/div>[vc_separator color=\u00a0\u00bbblack\u00a0\u00bb border_width=\u00a0\u00bb2&Prime; el_width=\u00a0\u00bb10&Prime;][vc_column_text]<\/p>\n<p style=\"text-align: center;\">RECTIFICATRICES SEMI-AUTOMATIQUES<\/p>\n<p>[\/vc_column_text][\/vc_column][vc_column width=\u00a0\u00bb1\/12&Prime;][\/vc_column][\/vc_row][vc_row full_width=\u00a0\u00bbstretch_row\u00a0\u00bb equal_height=\u00a0\u00bbyes\u00a0\u00bb content_placement=\u00a0\u00bbmiddle\u00a0\u00bb css=\u00a0\u00bb.vc_custom_1549964330986{padding-top: 25px !important;padding-bottom: 60px !important;background-color: #f7f6f4 !important;background-position: center !important;background-repeat: no-repeat !important;background-size: cover !important;}\u00a0\u00bb el_class=\u00a0\u00bbfooter-cta\u00a0\u00bb][vc_column width=\u00a0\u00bb1\/6&Prime;][\/vc_column][vc_column width=\u00a0\u00bb3\/6&Prime;][vc_column_text]<strong>TAKE A <span style=\"color: #cf392c;\">BRAKE<\/span> WITH US<br \/>\n<\/strong>D\u00e9couvrez sans engagement nos solutions adapt\u00e9es \u00e0 vos besoins.[\/vc_column_text][\/vc_column][vc_column width=\u00a0\u00bb1\/6&Prime;]<div class=\"pix_button clear button-center\"><a href=\"https:\/\/www.frenco-italy.com\/fr\/contacts\/\" title=\"\"  class=\"btn btn-outline btn-rectangle  btn-md colorbtn rounded-btn\">Contactez-nous<\/a><\/div>[\/vc_column][vc_column width=\u00a0\u00bb1\/6&Prime;][\/vc_column][\/vc_row]<\/p>\n","protected":false},"excerpt":{"rendered":"<p>[vc_row full_width=\u00a0\u00bbstretch_row_content_no_spaces\u00a0\u00bb content_placement=\u00a0\u00bbtop\u00a0\u00bb color_style=\u00a0\u00bblight\u00a0\u00bb css=\u00a0\u00bb.vc_custom_1550052794142{padding-top: 150px !important;padding-bottom: 90px !important;background-image: url(http:\/\/www.frenco-italy.com\/wp-content\/uploads\/2019\/02\/sfondo8.jpg?id=142) !important;background-position: center !important;background-repeat: no-repeat !important;background-size: cover !important;}\u00a0\u00bb el_class=\u00a0\u00bbcircle-header\u00a0\u00bb][vc_column width=\u00a0\u00bb1\/6&Prime;][\/vc_column][vc_column width=\u00a0\u00bb2\/3&Prime;][\/vc_column][vc_column width=\u00a0\u00bb1\/6&Prime;][\/vc_column][\/vc_row][vc_row full_width=\u00a0\u00bbstretch_row\u00a0\u00bb equal_height=\u00a0\u00bbyes\u00a0\u00bb content_placement=\u00a0\u00bbmiddle\u00a0\u00bb css=\u00a0\u00bb.vc_custom_1549962263854{padding-top: 60px !important;padding-bottom: 0px !important;background-position: center !important;background-repeat: no-repeat !important;background-size: cover !important;}\u00a0\u00bb][vc_column width=\u00a0\u00bb1\/6&Prime; set_column_height=\u00a0\u00bbyes\u00a0\u00bb column_height=\u00a0\u00bb540px\u00a0\u00bb][\/vc_column][vc_column width=\u00a0\u00bb2\/3&Prime;][vc_separator color=\u00a0\u00bbblack\u00a0\u00bb&#8230;<\/p>\n","protected":false},"author":1,"featured_media":0,"parent":0,"menu_order":0,"comment_status":"closed","ping_status":"closed","template":"","meta":{"footnotes":""},"class_list":["post-1066","page","type-page","status-publish","hentry"],"_links":{"self":[{"href":"https:\/\/www.frenco-italy.com\/fr\/wp-json\/wp\/v2\/pages\/1066","targetHints":{"allow":["GET"]}}],"collection":[{"href":"https:\/\/www.frenco-italy.com\/fr\/wp-json\/wp\/v2\/pages"}],"about":[{"href":"https:\/\/www.frenco-italy.com\/fr\/wp-json\/wp\/v2\/types\/page"}],"author":[{"embeddable":true,"href":"https:\/\/www.frenco-italy.com\/fr\/wp-json\/wp\/v2\/users\/1"}],"replies":[{"embeddable":true,"href":"https:\/\/www.frenco-italy.com\/fr\/wp-json\/wp\/v2\/comments?post=1066"}],"version-history":[{"count":3,"href":"https:\/\/www.frenco-italy.com\/fr\/wp-json\/wp\/v2\/pages\/1066\/revisions"}],"predecessor-version":[{"id":1134,"href":"https:\/\/www.frenco-italy.com\/fr\/wp-json\/wp\/v2\/pages\/1066\/revisions\/1134"}],"wp:attachment":[{"href":"https:\/\/www.frenco-italy.com\/fr\/wp-json\/wp\/v2\/media?parent=1066"}],"curies":[{"name":"wp","href":"https:\/\/api.w.org\/{rel}","templated":true}]}}