{"id":1031,"date":"2019-02-12T11:00:14","date_gmt":"2019-02-12T10:00:14","guid":{"rendered":"http:\/\/www.frenco-italy.com\/chi-siamo\/"},"modified":"2024-11-15T09:18:18","modified_gmt":"2024-11-15T08:18:18","slug":"a-propos","status":"publish","type":"page","link":"https:\/\/www.frenco-italy.com\/fr\/lentreprise\/a-propos\/","title":{"rendered":"\u00c0 propos"},"content":{"rendered":"<p>[vc_row full_width=\u00a0\u00bbstretch_row_content_no_spaces\u00a0\u00bb content_placement=\u00a0\u00bbmiddle\u00a0\u00bb color_style=\u00a0\u00bblight\u00a0\u00bb css=\u00a0\u00bb.vc_custom_1549965117662{padding-top: 150px !important;padding-bottom: 90px !important;background-image: url(http:\/\/www.frenco-italy.com\/wp-content\/uploads\/2019\/02\/SFONDO1.jpg?id=20) !important;background-position: center !important;background-repeat: no-repeat !important;background-size: cover !important;}\u00a0\u00bb el_class=\u00a0\u00bbcircle-header\u00a0\u00bb][vc_column width=\u00a0\u00bb1\/6&Prime;][\/vc_column][vc_column width=\u00a0\u00bb2\/3&Prime;]<div class=\" size-sm align-center clearfix  pix-animate-cre\" data-trans=\"fadeInUp\"  data-duration=\"\"  data-delay=\"\"><h1 class=\"main-title title \" style=\"font-size: 60px; \">L\u2019entreprise<\/h1><\/div>[\/vc_column][vc_column width=\u00a0\u00bb1\/6&Prime;][\/vc_column][\/vc_row][vc_row full_width=\u00a0\u00bbstretch_row\u00a0\u00bb equal_height=\u00a0\u00bbyes\u00a0\u00bb content_placement=\u00a0\u00bbmiddle\u00a0\u00bb css=\u00a0\u00bb.vc_custom_1549962263854{padding-top: 60px !important;padding-bottom: 0px !important;background-position: center !important;background-repeat: no-repeat !important;background-size: cover !important;}\u00a0\u00bb][vc_column width=\u00a0\u00bb1\/6&Prime; set_column_height=\u00a0\u00bbyes\u00a0\u00bb column_height=\u00a0\u00bb540px\u00a0\u00bb][\/vc_column][vc_column width=\u00a0\u00bb2\/3&Prime; css=\u00a0\u00bb.vc_custom_1550482221448{padding-bottom: 15px !important;}\u00a0\u00bb][vc_column_text css_animation=\u00a0\u00bbfadeInUp\u00a0\u00bb el_class=\u00a0\u00bbmagenta-title\u00a0\u00bb]<\/p>\n<h1 style=\"text-align: center;\">\u00c0 propos<\/h1>\n<p>[\/vc_column_text][vc_separator color=\u00a0\u00bbblack\u00a0\u00bb border_width=\u00a0\u00bb2&Prime; el_width=\u00a0\u00bb10&Prime; css_animation=\u00a0\u00bbfadeInUp\u00a0\u00bb][vc_column_text css_animation=\u00a0\u00bbfadeInUp\u00a0\u00bb]FRENCO est une entreprise sp\u00e9cialis\u00e9e dans la production de m\u00e2choires de frein et m\u00e2choires de frein assembl\u00e9es.<br \/>\nSa vaste gamme de produits propose des freins de petites dimensions de \u00f8135, et jusqu\u2019\u00e0 \u00f8400.<\/p>\n<p>Le champ d\u2019application principal des freins produits par FRENCO concerne les tracteurs agricoles. FRENCO effectue par ailleurs le collage et le rivetage des garnitures, pour la r\u00e9alisation d\u2019embrayage et de syst\u00e8mes de freinage dans diff\u00e9rents domaines d\u2019application.<\/p>\n<p>N\u00e9e en 1990, la soci\u00e9t\u00e9 FRENCO peut compter sur le professionnalisme et le savoir-faire de sa famille fondatrice, pr\u00e9sente sur le march\u00e9 depuis 1965.<\/p>\n<p>Au cours des ann\u00e9es, la soci\u00e9t\u00e9 a su innover et se renouveler, aussi bien structurellement que technologiquement, en \u00e9largissant son parc de machines, son site de production (qui s\u2019\u00e9tend aujourd&rsquo;hui sur une zone de 4 000 m\u00b2) , et en am\u00e9liorant la gamme de produits et la qualit\u00e9 offertes \u00e0 ses clients.<\/p>\n<p>2010 voit la cr\u00e9ation de AXF, la division de FRENCO sp\u00e9cialis\u00e9e dans la production d\u2019essieux \u00e0 torsion, syst\u00e8mes de freinage pour camions l\u00e9gers (jusqu\u2019\u00e0 3 500 kg) destin\u00e9s principalement au secteur routier.<\/p>\n<p>La qualit\u00e9 du travail et des applications effectu\u00e9es par FRENCO d\u00e9coule de l&rsquo;expertise et du travail en synergie de son \u00e9quipe, \u00e0 laquelle l&rsquo;entreprise accorde une attention particuli\u00e8re, tels que les services d&rsquo;assistance sociale offrant de nombreux avantages aux employ\u00e9s.[\/vc_column_text][vc_single_image image=\u00a0\u00bb626&Prime; img_size=\u00a0\u00bbfull\u00a0\u00bb alignment=\u00a0\u00bbcenter\u00a0\u00bb onclick=\u00a0\u00bbcustom_link\u00a0\u00bb img_link_target=\u00a0\u00bb_blank\u00a0\u00bb link=\u00a0\u00bbhttps:\/\/www.frenco-italy.com\/wp-content\/uploads\/2024\/11\/AM02_PoliticaQualita_rev6_19-09-2024..pdf\u00a0\u00bb][vc_column_text css_animation=\u00a0\u00bbfadeInUp\u00a0\u00bb]<\/p>\n<p style=\"text-align: center; line-height: 120%; margin-top: -20px;\"><a style=\"color: #cf392c;\" href=\"https:\/\/www.frenco-italy.com\/wp-content\/uploads\/2024\/11\/AM02_PoliticaQualita_rev6_19-09-2024..pdf\" target=\"_blank\" rel=\"noopener noreferrer\">Download PDF<\/a><\/p>\n<p>[\/vc_column_text][\/vc_column][vc_column width=\u00a0\u00bb1\/6&Prime;][\/vc_column][\/vc_row][vc_row full_width=\u00a0\u00bbstretch_row\u00a0\u00bb equal_height=\u00a0\u00bbyes\u00a0\u00bb content_placement=\u00a0\u00bbmiddle\u00a0\u00bb css=\u00a0\u00bb.vc_custom_1549964330986{padding-top: 25px !important;padding-bottom: 60px !important;background-color: #f7f6f4 !important;background-position: center !important;background-repeat: no-repeat !important;background-size: cover !important;}\u00a0\u00bb el_class=\u00a0\u00bbfooter-cta\u00a0\u00bb][vc_column width=\u00a0\u00bb1\/6&Prime;][\/vc_column][vc_column width=\u00a0\u00bb3\/6&Prime;][vc_column_text]<strong>TAKE A <span style=\"color: #cf392c;\">BRAKE<\/span> WITH US<br \/>\n<\/strong>D\u00e9couvrez sans engagement nos solutions adapt\u00e9es \u00e0 vos besoins.[\/vc_column_text][\/vc_column][vc_column width=\u00a0\u00bb1\/6&Prime;]<div class=\"pix_button clear button-center\"><a href=\"http:\/\/www.frenco-italy.com\/fr\/contatti\/\" title=\"\"  class=\"btn btn-outline btn-rectangle  btn-md colorbtn rounded-btn\">CONTACTEZ-NOUS<\/a><\/div>[\/vc_column][vc_column width=\u00a0\u00bb1\/6&Prime;][\/vc_column][\/vc_row]<\/p>\n","protected":false},"excerpt":{"rendered":"<p>[vc_row full_width=\u00a0\u00bbstretch_row_content_no_spaces\u00a0\u00bb content_placement=\u00a0\u00bbmiddle\u00a0\u00bb color_style=\u00a0\u00bblight\u00a0\u00bb css=\u00a0\u00bb.vc_custom_1549965117662{padding-top: 150px !important;padding-bottom: 90px !important;background-image: url(http:\/\/www.frenco-italy.com\/wp-content\/uploads\/2019\/02\/SFONDO1.jpg?id=20) !important;background-position: center !important;background-repeat: no-repeat !important;background-size: cover !important;}\u00a0\u00bb el_class=\u00a0\u00bbcircle-header\u00a0\u00bb][vc_column width=\u00a0\u00bb1\/6&Prime;][\/vc_column][vc_column width=\u00a0\u00bb2\/3&Prime;][\/vc_column][vc_column width=\u00a0\u00bb1\/6&Prime;][\/vc_column][\/vc_row][vc_row full_width=\u00a0\u00bbstretch_row\u00a0\u00bb equal_height=\u00a0\u00bbyes\u00a0\u00bb content_placement=\u00a0\u00bbmiddle\u00a0\u00bb css=\u00a0\u00bb.vc_custom_1549962263854{padding-top: 60px !important;padding-bottom: 0px !important;background-position: center !important;background-repeat: no-repeat !important;background-size: cover !important;}\u00a0\u00bb][vc_column width=\u00a0\u00bb1\/6&Prime; set_column_height=\u00a0\u00bbyes\u00a0\u00bb column_height=\u00a0\u00bb540px\u00a0\u00bb][\/vc_column][vc_column width=\u00a0\u00bb2\/3&Prime; css=\u00a0\u00bb.vc_custom_1550482221448{padding-bottom:&#8230;<\/p>\n","protected":false},"author":1,"featured_media":0,"parent":1109,"menu_order":0,"comment_status":"closed","ping_status":"closed","template":"","meta":[],"_links":{"self":[{"href":"https:\/\/www.frenco-italy.com\/fr\/wp-json\/wp\/v2\/pages\/1031"}],"collection":[{"href":"https:\/\/www.frenco-italy.com\/fr\/wp-json\/wp\/v2\/pages"}],"about":[{"href":"https:\/\/www.frenco-italy.com\/fr\/wp-json\/wp\/v2\/types\/page"}],"author":[{"embeddable":true,"href":"https:\/\/www.frenco-italy.com\/fr\/wp-json\/wp\/v2\/users\/1"}],"replies":[{"embeddable":true,"href":"https:\/\/www.frenco-italy.com\/fr\/wp-json\/wp\/v2\/comments?post=1031"}],"version-history":[{"count":14,"href":"https:\/\/www.frenco-italy.com\/fr\/wp-json\/wp\/v2\/pages\/1031\/revisions"}],"predecessor-version":[{"id":1390,"href":"https:\/\/www.frenco-italy.com\/fr\/wp-json\/wp\/v2\/pages\/1031\/revisions\/1390"}],"up":[{"embeddable":true,"href":"https:\/\/www.frenco-italy.com\/fr\/wp-json\/wp\/v2\/pages\/1109"}],"wp:attachment":[{"href":"https:\/\/www.frenco-italy.com\/fr\/wp-json\/wp\/v2\/media?parent=1031"}],"curies":[{"name":"wp","href":"https:\/\/api.w.org\/{rel}","templated":true}]}}