{"id":952,"date":"2019-02-13T10:02:01","date_gmt":"2019-02-13T09:02:01","guid":{"rendered":"http:\/\/www.frenco-italy.com\/home\/"},"modified":"2021-07-15T12:06:06","modified_gmt":"2021-07-15T10:06:06","slug":"home","status":"publish","type":"page","link":"https:\/\/www.frenco-italy.com\/de\/","title":{"rendered":"Home"},"content":{"rendered":"<p>[vc_row full_width=&#8220;stretch_row_content_no_spaces&#8220; css=&#8220;.vc_custom_1550218959086{padding-top: 0px !important;padding-bottom: 0px !important;}&#8220; el_class=&#8220;home-slider&#8220;][vc_column]<div class=\"composer-primary-slider\" data-items=\"1\" data-loop=\"true\" data-autoplay=\"false\" data-autoplay-timeout=\"5000\" data-nav=\"false\" data-autoplay_hover_pause=\"true\" data-dots=\"true\"><div class=\"slider-content align-center  vc_custom_1556534122259\"><div class=\"slider-wrap\"><div class=\"slider-wrap-inner\"><h2 class=\"slide-title\" style=\" font-size: 68px; text-transform: none; line-height: 72px; color: #ffffff;\"><strong>Brake<\/strong> shoes<br \/>\nwithout brakes<\/h2><p class=\"slide-content\" style=\" font-size: 18px; line-height: 22px; color: #ffffff;\">FRENCO ist der Bezugspunkt bei der Herstellung von Bremsbacken auf Entwurf des Kunden. Ab heute kann er auch Ihrer sein.<\/p><div class=\"pix_button \"><a href=\"http:\/\/www.frenco-italy.com\/de\/das-unternehmen\/wer-sind-wir\/\"  class=\"clear btn btn-solid btn-hover-outline btn-rectangle white btn-hover-color btn-custom\"style=\"font-size:18px;padding: 20px 30px;\">ERFAHREN SIE MEHR <\/a><\/div><\/div><\/div><\/div><div class=\"slider-content align-center  vc_custom_1556534136043\"><div class=\"slider-wrap\"><div class=\"slider-wrap-inner\"><h2 class=\"slide-title\" style=\" font-size: 68px; text-transform: none; line-height: 72px; color: #ffffff;\">Inseparable<strong><br \/>\nfriction<\/strong><\/h2><p class=\"slide-content\" style=\" font-size: 18px; line-height: 22px; color: #ffffff;\">FRENCO befasst sich f\u00fcr seine Kunden mit der Verklebung und Vernietung von Reibmaterialien f\u00fcr verschiedene Anwendungszwecke, auch f\u00fcr Anderkonten. Unl\u00f6sbare Verbindungen, die mit langer Lebensdauer geplant wurden.<\/p><div class=\"pix_button \"><a href=\"http:\/\/www.frenco-italy.com\/de\/produkte\/verklebung-und-vernietung-von-reibmaterialien\/\"  class=\"clear btn btn-solid btn-hover-outline btn-rectangle white btn-hover-color btn-custom\"style=\"font-size:18px;padding: 20px 30px;\">ERFAHREN SIE MEHR <\/a><\/div><\/div><\/div><\/div><\/div>[\/vc_column][\/vc_row][vc_row full_width=&#8220;stretch_row&#8220; equal_height=&#8220;yes&#8220; content_placement=&#8220;middle&#8220; css=&#8220;.vc_custom_1550218902923{padding-top: 100px !important;padding-bottom: 100px !important;background-position: center !important;background-repeat: no-repeat !important;background-size: cover !important;}&#8220;][vc_column width=&#8220;1\/6&#8243; set_column_height=&#8220;yes&#8220; column_height=&#8220;540px&#8220;][\/vc_column][vc_column width=&#8220;2\/3&#8243; css=&#8220;.vc_custom_1550218894012{padding-top: 0px !important;padding-bottom: 0px !important;}&#8220;][vc_column_text css_animation=&#8220;fadeInUp&#8220; el_class=&#8220;magenta-title&#8220; css=&#8220;.vc_custom_1556011345870{margin-bottom: 0px !important;padding-bottom: 0px !important;}&#8220;]<\/p>\n<h2 style=\"text-align: center;\">Wer wir sind<\/h2>\n<p>[\/vc_column_text][vc_separator color=&#8220;black&#8220; border_width=&#8220;2&#8243; el_width=&#8220;10&#8243; css_animation=&#8220;fadeInUp&#8220;][vc_column_text css_animation=&#8220;fadeInUp&#8220;]Mit seinen mehr als 50 Jahren Erfahrung ist FRENCO bei der Herstellung von Bremsbacken und Bremsmassen f\u00fchrend, die Achsen f\u00fcr landwirtschaftliche Anh\u00e4nger und leichte Stra\u00dfenanh\u00e4nger ausr\u00fcsten. FRENCO hat sich au\u00dferdem auf die Verklebung von Reibmaterialien f\u00fcr die Herstellung von Kupplungen und Bremssystemen verschiedener Art spezialisiert. Die AXF-Abteilung stellt gebremste und ungebremste Torsionsachsen f\u00fcr den Bereich von leichten Stra\u00dfenanh\u00e4ngern her.[\/vc_column_text]<div class=\"pix_button clear button-center\"><a href=\"http:\/\/www.frenco-italy.com\/de\/wer-sind-wir\/\" title=\"\"  class=\"btn btn-outline btn-rectangle  btn-md  \">ERFAHREN SIE MEHR<\/a><\/div>[\/vc_column][vc_column width=&#8220;1\/6&#8243;][\/vc_column][\/vc_row][vc_row full_width=&#8220;stretch_row_content_no_spaces&#8220; content_placement=&#8220;middle&#8220; css=&#8220;.vc_custom_1550238045226{padding-top: 0px !important;padding-bottom: 0px !important;background-image: url(http:\/\/www.frenco-italy.com\/wp-content\/uploads\/2019\/02\/prodotti-base.jpg?id=346) !important;background-position: center !important;background-repeat: no-repeat !important;background-size: cover !important;}&#8220; el_class=&#8220;prodotto-trick-container&#8220;][vc_column width=&#8220;1\/3&#8243; set_column_height=&#8220;yes&#8220; column_height=&#8220;472px&#8220; css=&#8220;.vc_custom_1550221678679{padding-top: 0px !important;}&#8220;][vc_column_text el_id=&#8220;prodotti-ganasce&#8220; el_class=&#8220;prodotto-trick&#8220;]<strong>BREMSBACKEN UND BREMSMASSEN<\/strong><\/p>\n<p>FRENCO stellt Bremsbacken und Bremsmassen her, die f\u00fcr Achsenhersteller verschiedener Art bestimmt sind und im landwirtschaftlichen Bereich sowie auf dem Sekund\u00e4rmarkt angewendet werden.<\/p>\n<p><a class=\"btn btn-outline btn-rectangle btn-sm white \" title=\"\" href=\"http:\/\/www.frenco-italy.com\/de\/bremsbacken-und-bremsmassen\/\">ENTDECKEN<\/a>[\/vc_column_text][vc_column_text el_id=&#8220;prodotti-incollaggio&#8220; el_class=&#8220;prodotto-trick&#8220;]<strong>VERKLEBUNG UND VERNIETUNG VON REIBMATERIALIEN<\/strong><\/p>\n<p>FRENCO verklebt und vernietet jede Art von Reibmaterial f\u00fcr den Einsatz in den verschiedensten Sektoren. Das Knowhow von FRENCO steht auch f\u00fcr Projekte f\u00fcr Anderkonten zur Verf\u00fcgung.<\/p>\n<p><a class=\"btn btn-outline btn-rectangle btn-sm white \" title=\"\" href=\"http:\/\/www.frenco-italy.com\/de\/verklebung-und-vernietung-von-reibmaterialien\/\">ENTDECKEN<\/a>[\/vc_column_text][\/vc_column][vc_column width=&#8220;2\/3&#8243;][\/vc_column][\/vc_row][vc_row full_width=&#8220;stretch_row&#8220; equal_height=&#8220;yes&#8220; content_placement=&#8220;middle&#8220; css=&#8220;.vc_custom_1549964330986{padding-top: 25px !important;padding-bottom: 60px !important;background-color: #f7f6f4 !important;background-position: center !important;background-repeat: no-repeat !important;background-size: cover !important;}&#8220; el_class=&#8220;footer-cta&#8220;][vc_column width=&#8220;1\/6&#8243;][\/vc_column][vc_column width=&#8220;3\/6&#8243;][vc_column_text]<strong>TAKE A <span style=\"color: #cf392c;\">BRAKE<\/span> WITH US<br \/>\n<\/strong>Entdecken Sie unsere auch f\u00fcr Ihre Notwendigkeiten geeigneten L\u00f6sungen vollkommen unverbindlich.[\/vc_column_text][\/vc_column][vc_column width=&#8220;1\/6&#8243;]<div class=\"pix_button clear button-center\"><a href=\"http:\/\/www.frenco-italy.com\/de\/kontakte\/\" title=\"\"  class=\"btn btn-outline btn-rectangle  btn-md colorbtn rounded-btn\">KONTAKTIEREN SIE UNS<\/a><\/div>[\/vc_column][vc_column width=&#8220;1\/6&#8243;][\/vc_column][\/vc_row][vc_row full_width=&#8220;stretch_row_content_no_spaces&#8220; content_placement=&#8220;middle&#8220; color_style=&#8220;light&#8220; css=&#8220;.vc_custom_1550500940529{padding-top: 50px !important;padding-bottom: 50px !important;background-image: url(http:\/\/www.frenco-italy.com\/wp-content\/uploads\/2019\/02\/sfondo17.jpg?id=329) !important;background-position: center !important;background-repeat: no-repeat !important;background-size: cover !important;}&#8220;][vc_column width=&#8220;1\/6&#8243;][\/vc_column][vc_column color_style=&#8220;light&#8220; width=&#8220;2\/3&#8243; css=&#8220;.vc_custom_1550219747001{margin-bottom: 0px !important;padding-top: 0px !important;padding-bottom: 0px !important;}&#8220; el_class=&#8220;axf-cta&#8220;]<div class=\" size-md align-center clearfix \"  ><h2 class=\"main-title title uppercase sub-title-con \" style=\"font-family: 'Lato', san-serif;font-size: 62px;font-style: normal;font-weight: 700;\">AXF<\/h2><p class=\"sub-title\" style=\"font-family: 'Lato', san-serif;font-size: 62px;font-style: normal;font-weight: 700;\">axles born to last<\/p><\/div>[vc_column_text]<\/p>\n<p style=\"text-align: center;\">Achsen mit langer Lebensdauer<br \/>\nSeit 2010 hat FRENCO beschlossen, seine Produktion zu diversifizieren und hat hierf\u00fcr von einem geschichtstr\u00e4chtigen Unternehmen einen ganzen Zweig \u00fcbernommen, der sich der Entwicklung und Herstellung von nicht bremsenden und bremsenden Achsen mit Tr\u00e4gheitssteuerung, Kugelkupplungen und Deichseln widmet.<\/p>\n<p style=\"text-align: center;\">Entdecken Sie die AXF-Abteilung von FRENCO, die sich Torsionsachsen und Bremssystemen widmet.<\/p>\n<p>[\/vc_column_text]<div class=\"pix_button clear button-center\"><a href=\"https:\/\/www.axf-axles.com\/en\/\" title=\"\"  class=\"btn btn-solid btn-rectangle  btn-md white \">BESUCH DER WEBSEITE<\/a><\/div>[\/vc_column][vc_column width=&#8220;1\/6&#8243;][\/vc_column][\/vc_row]<\/p>\n","protected":false},"excerpt":{"rendered":"<p>[vc_row full_width=&#8220;stretch_row_content_no_spaces&#8220; css=&#8220;.vc_custom_1550218959086{padding-top: 0px !important;padding-bottom: 0px !important;}&#8220; el_class=&#8220;home-slider&#8220;][vc_column][\/vc_column][\/vc_row][vc_row full_width=&#8220;stretch_row&#8220; equal_height=&#8220;yes&#8220; content_placement=&#8220;middle&#8220; css=&#8220;.vc_custom_1550218902923{padding-top: 100px !important;padding-bottom: 100px !important;background-position: center !important;background-repeat: no-repeat !important;background-size: cover !important;}&#8220;][vc_column width=&#8220;1\/6&#8243; set_column_height=&#8220;yes&#8220; column_height=&#8220;540px&#8220;][\/vc_column][vc_column width=&#8220;2\/3&#8243; css=&#8220;.vc_custom_1550218894012{padding-top: 0px !important;padding-bottom: 0px !important;}&#8220;][vc_column_text css_animation=&#8220;fadeInUp&#8220; el_class=&#8220;magenta-title&#8220; css=&#8220;.vc_custom_1556011345870{margin-bottom: 0px !important;padding-bottom: 0px !important;}&#8220;] Wer wir&#8230;<\/p>\n","protected":false},"author":1,"featured_media":0,"parent":0,"menu_order":0,"comment_status":"closed","ping_status":"closed","template":"","meta":[],"_links":{"self":[{"href":"https:\/\/www.frenco-italy.com\/de\/wp-json\/wp\/v2\/pages\/952"}],"collection":[{"href":"https:\/\/www.frenco-italy.com\/de\/wp-json\/wp\/v2\/pages"}],"about":[{"href":"https:\/\/www.frenco-italy.com\/de\/wp-json\/wp\/v2\/types\/page"}],"author":[{"embeddable":true,"href":"https:\/\/www.frenco-italy.com\/de\/wp-json\/wp\/v2\/users\/1"}],"replies":[{"embeddable":true,"href":"https:\/\/www.frenco-italy.com\/de\/wp-json\/wp\/v2\/comments?post=952"}],"version-history":[{"count":9,"href":"https:\/\/www.frenco-italy.com\/de\/wp-json\/wp\/v2\/pages\/952\/revisions"}],"predecessor-version":[{"id":1088,"href":"https:\/\/www.frenco-italy.com\/de\/wp-json\/wp\/v2\/pages\/952\/revisions\/1088"}],"wp:attachment":[{"href":"https:\/\/www.frenco-italy.com\/de\/wp-json\/wp\/v2\/media?parent=952"}],"curies":[{"name":"wp","href":"https:\/\/api.w.org\/{rel}","templated":true}]}}