{"id":940,"date":"2019-02-13T12:47:16","date_gmt":"2019-02-13T11:47:16","guid":{"rendered":"http:\/\/www.frenco-italy.com\/incollaggio-e-rivettatura-materiali-dattrito\/"},"modified":"2019-04-29T12:40:28","modified_gmt":"2019-04-29T10:40:28","slug":"verklebung-und-vernietung-von-reibmaterialien","status":"publish","type":"page","link":"https:\/\/www.frenco-italy.com\/de\/produkte\/verklebung-und-vernietung-von-reibmaterialien\/","title":{"rendered":"verklebung und vernietung von reibmaterialien"},"content":{"rendered":"<p>[vc_row full_width=&#8220;stretch_row_content_no_spaces&#8220; content_placement=&#8220;middle&#8220; color_style=&#8220;light&#8220; css=&#8220;.vc_custom_1550136443104{padding-top: 150px !important;padding-bottom: 90px !important;background-image: url(http:\/\/www.frenco-italy.com\/wp-content\/uploads\/2019\/02\/sfondo16.jpg?id=273) !important;background-position: center !important;background-repeat: no-repeat !important;background-size: cover !important;}&#8220; el_class=&#8220;circle-header&#8220;][vc_column width=&#8220;1\/6&#8243;][\/vc_column][vc_column width=&#8220;2\/3&#8243;]<div class=\" size-sm align-center clearfix  pix-animate-cre\" data-trans=\"fadeInUp\"  data-duration=\"\"  data-delay=\"\"><h1 class=\"main-title title \" style=\"font-size: 60px; \">Produkte<\/h1><\/div>[\/vc_column][vc_column width=&#8220;1\/6&#8243;][\/vc_column][\/vc_row][vc_row full_width=&#8220;stretch_row&#8220; equal_height=&#8220;yes&#8220; content_placement=&#8220;middle&#8220; css=&#8220;.vc_custom_1549962263854{padding-top: 60px !important;padding-bottom: 0px !important;background-position: center !important;background-repeat: no-repeat !important;background-size: cover !important;}&#8220;][vc_column width=&#8220;1\/6&#8243; set_column_height=&#8220;yes&#8220; column_height=&#8220;540px&#8220;][\/vc_column][vc_column width=&#8220;2\/3&#8243; css=&#8220;.vc_custom_1550500411674{padding-bottom: 0px !important;}&#8220;]<div class=\" size-sm align-center clearfix  pix-animate-cre\" data-trans=\"fadeInUp\"  data-duration=\"\"  data-delay=\"\"><h1 class=\"main-title title \" style=\"font-size: 30px; \">VERKLEBUNG UND VERNIETUNG VON REIBMATERIALIEN<\/h1><\/div>[vc_separator color=&#8220;black&#8220; border_width=&#8220;2&#8243; el_width=&#8220;10&#8243; css_animation=&#8220;fadeInUp&#8220;][vc_column_text css_animation=&#8220;fadeInUp&#8220;]<\/p>\n<p style=\"text-align: center;\"><strong>BEARBEITUNGEN SELBST F\u00dcR ANDERKONTEN\u00a0<\/strong><\/p>\n<p>Dank der langen, in der Branche gereiften Erfahrung und eines fortschrittlichen Maschinenparks kann FRENCO die Verklebung und Vernietung f\u00fcr die Schaffung von Kupplungen und Bremssystemen f\u00fcr verschiedene Sektoren ausf\u00fchren.[\/vc_column_text][vc_column_text css_animation=&#8220;fadeInUp&#8220; el_class=&#8220;magenta-title&#8220;]<\/p>\n<p style=\"text-align: center;\"><strong>ANWENDUNGSFELDER:<\/strong><\/p>\n<p>[\/vc_column_text][\/vc_column][vc_column width=&#8220;1\/6&#8243;][\/vc_column][\/vc_row][vc_row full_width=&#8220;stretch_row&#8220; equal_height=&#8220;yes&#8220; content_placement=&#8220;middle&#8220; css=&#8220;.vc_custom_1550500382991{padding-top: 0px !important;padding-bottom: 40px !important;background-position: center !important;background-repeat: no-repeat !important;background-size: cover !important;}&#8220;][vc_column width=&#8220;1\/3&#8243; set_column_height=&#8220;yes&#8220; column_height=&#8220;540px&#8220; css=&#8220;.vc_custom_1550500433190{padding-top: 0px !important;}&#8220;][vc_column_text css_animation=&#8220;fadeInUp&#8220; el_class=&#8220;magenta-title&#8220;]<\/p>\n<p style=\"text-align: center;\"><strong>VERKLEBUNG BREMSBACKEN<\/strong><\/p>\n<p>[\/vc_column_text][\/vc_column][vc_column width=&#8220;1\/3&#8243; css=&#8220;.vc_custom_1550500439433{padding-top: 0px !important;}&#8220;][vc_column_text css_animation=&#8220;fadeInUp&#8220; el_class=&#8220;magenta-title&#8220;]<\/p>\n<p style=\"text-align: center;\"><strong>ERKLEBUNG F<b>\u00fcR FLIEHKRAFTKUPPLUNGEN\u00a0<\/b><\/strong><\/p>\n<p>[\/vc_column_text][\/vc_column][vc_column width=&#8220;1\/3&#8243; css=&#8220;.vc_custom_1550500445390{padding-top: 0px !important;}&#8220;][vc_column_text css_animation=&#8220;fadeInUp&#8220; el_class=&#8220;magenta-title&#8220;]<\/p>\n<p style=\"text-align: center;\"><strong>VERKLEBUNG KUPPLUNGEN<\/strong><\/p>\n<p>[\/vc_column_text][\/vc_column][\/vc_row][vc_row full_width=&#8220;stretch_row_content&#8220; equal_height=&#8220;yes&#8220; content_placement=&#8220;middle&#8220; parallax=&#8220;content-moving&#8220; color_style=&#8220;light&#8220; css=&#8220;.vc_custom_1553592114864{padding-top: 150px !important;padding-bottom: 90px !important;background-image: url(http:\/\/www.frenco-italy.com\/wp-content\/uploads\/2019\/03\/incollaggio1-1.jpg?id=487) !important;background-position: center;background-repeat: no-repeat !important;background-size: cover !important;}&#8220; el_class=&#8220;tilt-down-upper&#8220;][vc_column width=&#8220;1\/6&#8243;][\/vc_column][vc_column width=&#8220;2\/3&#8243;][\/vc_column][vc_column width=&#8220;1\/6&#8243;][\/vc_column][\/vc_row][vc_row full_width=&#8220;stretch_row&#8220; equal_height=&#8220;yes&#8220; content_placement=&#8220;middle&#8220; css=&#8220;.vc_custom_1550500524638{padding-top: 20px !important;padding-bottom: 0px !important;background-position: center !important;background-repeat: no-repeat !important;background-size: cover !important;}&#8220;][vc_column width=&#8220;1\/6&#8243; set_column_height=&#8220;yes&#8220; column_height=&#8220;540px&#8220;][\/vc_column][vc_column width=&#8220;2\/3&#8243;][vc_separator color=&#8220;black&#8220; border_width=&#8220;2&#8243; el_width=&#8220;10&#8243; css_animation=&#8220;fadeInUp&#8220;]<div class=\" size-sm align-center clearfix  pix-animate-cre\" data-trans=\"fadeInUp\"  data-duration=\"\"  data-delay=\"\"><h1 class=\"main-title title \" style=\"font-size: 30px; \">BEARBEITUNGSARTEN<\/h1><\/div>[vc_column_text css_animation=&#8220;fadeInUp&#8220;]<\/p>\n<p style=\"text-align: center;\"><strong>VERKLEBUNG<br \/>\n<\/strong>Dank des weitreichenden Knowhows und der aufmerksamen Auswahl von Fachlieferanten unterst\u00fctzt FRENCO seine Kundschaft bei der \u00dcberpr\u00fcfung des Verklebungsprozesses mit jeglicher Art von Reibmaterial.<br \/>\nFRENCO bietet seine Verklebungs- und Vernietungsserviceleistungen auch f\u00fcr Anderkonten an.<\/p>\n<p>[\/vc_column_text][vc_column_text css_animation=&#8220;fadeInUp&#8220;]<\/p>\n<p style=\"text-align: center;\"><strong>VERNIETUNG<br \/>\n<\/strong>Frenco bietet seinen Vernietungsservice f\u00fcr Bremsbacken mittlerer und gro\u00dfer Abmessungen f\u00fcr Anderkonten an.<\/p>\n<p>[\/vc_column_text][\/vc_column][vc_column width=&#8220;1\/6&#8243;][\/vc_column][\/vc_row][vc_row full_width=&#8220;stretch_row&#8220; equal_height=&#8220;yes&#8220; content_placement=&#8220;middle&#8220; css=&#8220;.vc_custom_1550500496753{padding-top: 0px !important;padding-bottom: 40px !important;background-position: center !important;background-repeat: no-repeat !important;background-size: cover !important;}&#8220;][vc_column width=&#8220;1\/3&#8243; set_column_height=&#8220;yes&#8220; column_height=&#8220;540px&#8220;][vc_single_image image=&#8220;768&#8243; img_size=&#8220;414&#215;414&#8243; alignment=&#8220;right&#8220;][\/vc_column][vc_column width=&#8220;1\/3&#8243;][vc_single_image image=&#8220;771&#8243; img_size=&#8220;414&#215;414&#8243; alignment=&#8220;center&#8220;][\/vc_column][vc_column width=&#8220;1\/3&#8243;][vc_single_image image=&#8220;702&#8243; img_size=&#8220;414&#215;414&#8243; alignment=&#8220;right&#8220;][\/vc_column][\/vc_row][vc_row full_width=&#8220;stretch_row&#8220; equal_height=&#8220;yes&#8220; content_placement=&#8220;middle&#8220; css=&#8220;.vc_custom_1549964330986{padding-top: 25px !important;padding-bottom: 60px !important;background-color: #f7f6f4 !important;background-position: center !important;background-repeat: no-repeat !important;background-size: cover !important;}&#8220; el_class=&#8220;footer-cta&#8220;][vc_column width=&#8220;1\/6&#8243;][\/vc_column][vc_column width=&#8220;3\/6&#8243;][vc_column_text]<strong>TAKE A <span style=\"color: #cf392c;\">BRAKE<\/span> WITH US<br \/>\n<\/strong>Entdecken Sie unsere auch f\u00fcr Ihre Notwendigkeiten geeigneten L\u00f6sungen vollkommen unverbindlich.[\/vc_column_text][\/vc_column][vc_column width=&#8220;1\/6&#8243;]<div class=\"pix_button clear button-center\"><a href=\"http:\/\/www.frenco-italy.com\/de\/kontakte\/\" title=\"\"  class=\"btn btn-outline btn-rectangle  btn-md colorbtn rounded-btn\">KONTAKTIEREN SIE UNS<\/a><\/div>[\/vc_column][vc_column width=&#8220;1\/6&#8243;][\/vc_column][\/vc_row]<\/p>\n","protected":false},"excerpt":{"rendered":"<p>[vc_row full_width=&#8220;stretch_row_content_no_spaces&#8220; content_placement=&#8220;middle&#8220; color_style=&#8220;light&#8220; css=&#8220;.vc_custom_1550136443104{padding-top: 150px !important;padding-bottom: 90px !important;background-image: url(http:\/\/www.frenco-italy.com\/wp-content\/uploads\/2019\/02\/sfondo16.jpg?id=273) !important;background-position: center !important;background-repeat: no-repeat !important;background-size: cover !important;}&#8220; el_class=&#8220;circle-header&#8220;][vc_column width=&#8220;1\/6&#8243;][\/vc_column][vc_column width=&#8220;2\/3&#8243;][\/vc_column][vc_column width=&#8220;1\/6&#8243;][\/vc_column][\/vc_row][vc_row full_width=&#8220;stretch_row&#8220; equal_height=&#8220;yes&#8220; content_placement=&#8220;middle&#8220; css=&#8220;.vc_custom_1549962263854{padding-top: 60px !important;padding-bottom: 0px !important;background-position: center !important;background-repeat: no-repeat !important;background-size: cover !important;}&#8220;][vc_column width=&#8220;1\/6&#8243; set_column_height=&#8220;yes&#8220; column_height=&#8220;540px&#8220;][\/vc_column][vc_column width=&#8220;2\/3&#8243; css=&#8220;.vc_custom_1550500411674{padding-bottom:&#8230;<\/p>\n","protected":false},"author":1,"featured_media":0,"parent":996,"menu_order":0,"comment_status":"closed","ping_status":"closed","template":"","meta":{"footnotes":""},"class_list":["post-940","page","type-page","status-publish","hentry"],"_links":{"self":[{"href":"https:\/\/www.frenco-italy.com\/de\/wp-json\/wp\/v2\/pages\/940","targetHints":{"allow":["GET"]}}],"collection":[{"href":"https:\/\/www.frenco-italy.com\/de\/wp-json\/wp\/v2\/pages"}],"about":[{"href":"https:\/\/www.frenco-italy.com\/de\/wp-json\/wp\/v2\/types\/page"}],"author":[{"embeddable":true,"href":"https:\/\/www.frenco-italy.com\/de\/wp-json\/wp\/v2\/users\/1"}],"replies":[{"embeddable":true,"href":"https:\/\/www.frenco-italy.com\/de\/wp-json\/wp\/v2\/comments?post=940"}],"version-history":[{"count":4,"href":"https:\/\/www.frenco-italy.com\/de\/wp-json\/wp\/v2\/pages\/940\/revisions"}],"predecessor-version":[{"id":1094,"href":"https:\/\/www.frenco-italy.com\/de\/wp-json\/wp\/v2\/pages\/940\/revisions\/1094"}],"up":[{"embeddable":true,"href":"https:\/\/www.frenco-italy.com\/de\/wp-json\/wp\/v2\/pages\/996"}],"wp:attachment":[{"href":"https:\/\/www.frenco-italy.com\/de\/wp-json\/wp\/v2\/media?parent=940"}],"curies":[{"name":"wp","href":"https:\/\/api.w.org\/{rel}","templated":true}]}}