{"id":936,"date":"2019-02-13T12:06:32","date_gmt":"2019-02-13T11:06:32","guid":{"rendered":"http:\/\/www.frenco-italy.com\/ganasce-freno-e-masse-frenanti\/"},"modified":"2019-04-29T12:39:47","modified_gmt":"2019-04-29T10:39:47","slug":"bremsbacken-und-bremsmassen","status":"publish","type":"page","link":"https:\/\/www.frenco-italy.com\/de\/produkte\/bremsbacken-und-bremsmassen\/","title":{"rendered":"Bremsbacken und bremsmassen"},"content":{"rendered":"<p>[vc_row full_width=&#8220;stretch_row_content_no_spaces&#8220; content_placement=&#8220;middle&#8220; color_style=&#8220;light&#8220; css=&#8220;.vc_custom_1550136353000{padding-top: 150px !important;padding-bottom: 90px !important;background-image: url(http:\/\/www.frenco-italy.com\/wp-content\/uploads\/2019\/02\/sfondo9.jpg?id=187) !important;background-position: center !important;background-repeat: no-repeat !important;background-size: cover !important;}&#8220; el_class=&#8220;circle-header&#8220;][vc_column width=&#8220;1\/6&#8243;][\/vc_column][vc_column width=&#8220;2\/3&#8243;]<div class=\" size-sm align-center clearfix  pix-animate-cre\" data-trans=\"fadeInUp\"  data-duration=\"\"  data-delay=\"\"><h1 class=\"main-title title \" style=\"font-size: 60px; \">Produkte<\/h1><\/div>[\/vc_column][vc_column width=&#8220;1\/6&#8243;][\/vc_column][\/vc_row][vc_row full_width=&#8220;stretch_row&#8220; equal_height=&#8220;yes&#8220; content_placement=&#8220;middle&#8220; css=&#8220;.vc_custom_1549962263854{padding-top: 60px !important;padding-bottom: 0px !important;background-position: center !important;background-repeat: no-repeat !important;background-size: cover !important;}&#8220;][vc_column width=&#8220;1\/6&#8243; set_column_height=&#8220;yes&#8220; column_height=&#8220;540px&#8220;][\/vc_column][vc_column width=&#8220;2\/3&#8243;]<div class=\" size-sm align-center clearfix  pix-animate-cre\" data-trans=\"fadeInUp\"  data-duration=\"\"  data-delay=\"\"><h1 class=\"main-title title \" style=\"font-size: 30px; \">BREMSBACKEN UND BREMSMASSEN<\/h1><\/div>[vc_separator color=&#8220;black&#8220; border_width=&#8220;2&#8243; el_width=&#8220;10&#8243; css_animation=&#8220;fadeInUp&#8220;][vc_column_text css_animation=&#8220;fadeInUp&#8220;]<\/p>\n<p style=\"text-align: center;\"><strong>EINE LANGE ERFAHRUNG IM LANDWIRTSCHAFTLICHEN BEREICH<\/strong><\/p>\n<p>Seit Jahren beliefert FRENCO die wichtigsten europ\u00e4ischen Hersteller von Achsen f\u00fcr landwirtschaftlichen Gebrauch mit einer Palette von Bremsbacken und Bremsmassen, die von einem \u00d8 von 140 mm bis zu einem \u00d8 von mehr als 400 mm reichen.<\/p>\n<p>Der Service von FRENCO kann vom Verkauf der geschwei\u00dften Bremsbacke (nur dem Metallteil), bis zur Bremsbacke (mit verklebtem oder genietetem Reibmaterial) bis hin zum vollst\u00e4ndigen Bremsmassen-Kit verlaufen.<\/p>\n<p>Die lange und enge, mit den Kunden aufgebaute Zusammenarbeit hat bei FRENCO eine breite und reichhaltige Erfahrung im Bereich geschaffen. Dies hat erlaubt, die Kunden bei der technischen Entwicklung der Produkte in \u00dcbereinstimmung mit der starken Entwicklung zu verfolgen, die der Landwirtschaftmaschinenbereich in den letzten Jahren erfahren hat.[\/vc_column_text][\/vc_column][vc_column width=&#8220;1\/6&#8243;][\/vc_column][\/vc_row][vc_row full_width=&#8220;stretch_row&#8220; equal_height=&#8220;yes&#8220; content_placement=&#8220;top&#8220; css=&#8220;.vc_custom_1553250009929{padding-top: 0px !important;padding-bottom: 60px !important;background-position: center !important;background-repeat: no-repeat !important;background-size: cover !important;}&#8220;][vc_column width=&#8220;1\/6&#8243; set_column_height=&#8220;yes&#8220; column_height=&#8220;540px&#8220;][\/vc_column][vc_column width=&#8220;1\/3&#8243;][vc_column_text css_animation=&#8220;fadeInUp&#8220; el_class=&#8220;magenta-title&#8220; css=&#8220;.vc_custom_1556005998048{margin-bottom: 15px !important;}&#8220;]<\/p>\n<p style=\"text-align: left;\"><strong>ARTEN DER BREMSBACKEN F\u00dcR:<\/strong><\/p>\n<p>[\/vc_column_text][vc_separator color=&#8220;black&#8220; align=&#8220;align_left&#8220; border_width=&#8220;2&#8243; el_width=&#8220;10&#8243; css_animation=&#8220;fadeInUp&#8220; el_class=&#8220;to-the-left&#8220;][vc_column_text]<\/p>\n<ul>\n<li>ANH\u00c4NGER BIS ZU <strong>3,5 T<\/strong><\/li>\n<li>ANH\u00c4NGER VON MEHR ALS <strong>3,5 T<\/strong><\/li>\n<\/ul>\n<p>[\/vc_column_text][\/vc_column][vc_column width=&#8220;1\/3&#8243;][vc_column_text css_animation=&#8220;fadeInUp&#8220; el_class=&#8220;magenta-title&#8220; css=&#8220;.vc_custom_1556006073247{margin-bottom: 15px !important;}&#8220;]<\/p>\n<p style=\"text-align: left;\"><strong>ANWENDUNGSFELDER F\u00dcR:<br \/>\n<\/strong><\/p>\n<p>[\/vc_column_text][vc_separator color=&#8220;black&#8220; align=&#8220;align_left&#8220; border_width=&#8220;2&#8243; el_width=&#8220;10&#8243; css_animation=&#8220;fadeInUp&#8220; el_class=&#8220;to-the-left&#8220;][vc_column_text]<\/p>\n<ul>\n<li>STRASSENANH\u00c4NGER DER KATEGORIE <strong>O1<\/strong> UND <strong>O2<\/strong><\/li>\n<li>LANDWIRTSCHAFTLICHE ANH\u00c4NGER UND GESCHLEPPTE AUSR\u00dcSTUNGEN DER KATEGORIE <strong>R<\/strong> UND <strong>S<\/strong><\/li>\n<\/ul>\n<p>[\/vc_column_text][\/vc_column][vc_column width=&#8220;1\/6&#8243;][\/vc_column][\/vc_row][vc_row full_width=&#8220;stretch_row&#8220; equal_height=&#8220;yes&#8220; content_placement=&#8220;middle&#8220; parallax=&#8220;content-moving&#8220; css=&#8220;.vc_custom_1553249180799{padding-top: 60px !important;padding-bottom: 0px !important;background-image: url(http:\/\/www.frenco-italy.com\/wp-content\/uploads\/2019\/03\/ganasce1.jpg?id=472) !important;background-position: center;background-repeat: no-repeat !important;background-size: cover !important;}&#8220; el_class=&#8220;tilt-down-upper&#8220;][vc_column width=&#8220;1\/3&#8243; set_column_height=&#8220;yes&#8220; column_height=&#8220;540px&#8220;][\/vc_column][vc_column width=&#8220;1\/3&#8243;][\/vc_column][vc_column width=&#8220;1\/3&#8243;][\/vc_column][\/vc_row][vc_row full_width=&#8220;stretch_row&#8220; equal_height=&#8220;yes&#8220; content_placement=&#8220;middle&#8220; css=&#8220;.vc_custom_1550499776269{padding-top: 0px !important;padding-bottom: 0px !important;background-position: center !important;background-repeat: no-repeat !important;background-size: cover !important;}&#8220; el_class=&#8220;tilt-down-container&#8220;][vc_column width=&#8220;1\/3&#8243; set_column_height=&#8220;yes&#8220; column_height=&#8220;540px&#8220;][vc_single_image image=&#8220;681&#8243; img_size=&#8220;full&#8220; el_class=&#8220;tilt-down&#8220;][\/vc_column][vc_column width=&#8220;1\/3&#8243;][vc_single_image image=&#8220;684&#8243; img_size=&#8220;full&#8220; alignment=&#8220;center&#8220; el_class=&#8220;tilt-down&#8220;][\/vc_column][vc_column width=&#8220;1\/3&#8243;][vc_single_image image=&#8220;687&#8243; img_size=&#8220;full&#8220; alignment=&#8220;right&#8220; el_class=&#8220;tilt-down&#8220;][\/vc_column][\/vc_row][vc_row full_width=&#8220;stretch_row&#8220; equal_height=&#8220;yes&#8220; content_placement=&#8220;middle&#8220; css=&#8220;.vc_custom_1550499907577{padding-top: 0px !important;padding-bottom: 40px !important;background-position: center !important;background-repeat: no-repeat !important;background-size: cover !important;}&#8220;][vc_column width=&#8220;1\/6&#8243; set_column_height=&#8220;yes&#8220; column_height=&#8220;540px&#8220;][\/vc_column][vc_column width=&#8220;2\/3&#8243;][vc_separator color=&#8220;black&#8220; border_width=&#8220;2&#8243; el_width=&#8220;10&#8243; css_animation=&#8220;fadeInUp&#8220;][vc_column_text css_animation=&#8220;fadeInUp&#8220;]<\/p>\n<p style=\"text-align: center;\"><strong>WEITERE ANWENDUNGSFELDER<\/strong><\/p>\n<p style=\"text-align: left;\">Neben der Kundschaft aus dem landwirtschaftlichen Bereich arbeitet FRENCO auch mit Unternehmen zusammen, die in der Branche leichter Stra\u00dfenanh\u00e4nger agieren.<\/p>\n<p style=\"text-align: left;\">FRENCO kann die Erfordernisse von kleinen, mittleren und gro\u00dfen Mengen immer unter Ber\u00fccksichtigung der Produktkonformit\u00e4t erf\u00fcllen.<br \/>\nDie vollst\u00e4ndige gesch\u00e4ftliche Vielf\u00e4ltigkeit erm\u00f6glicht FRENCO, sich sowohl Unternehmen aus dem OEM-Bereich (Erstausr\u00fcster-Bereich) als auch aus dem Sekund\u00e4rmarkt als Arbeitspartner ausw\u00e4hlen zu k\u00f6nnen.<\/p>\n<p>[\/vc_column_text][\/vc_column][vc_column width=&#8220;1\/6&#8243;][\/vc_column][\/vc_row][vc_row full_width=&#8220;stretch_row&#8220; content_placement=&#8220;middle&#8220; parallax=&#8220;content-moving&#8220; css=&#8220;.vc_custom_1553249261953{padding-top: 60px !important;padding-bottom: 0px !important;background-image: url(http:\/\/www.frenco-italy.com\/wp-content\/uploads\/2019\/03\/ganasce2.jpg?id=473) !important;background-position: center;background-repeat: no-repeat !important;background-size: cover !important;}&#8220; el_class=&#8220;tilt-down-upper&#8220;][vc_column set_column_height=&#8220;yes&#8220; column_height=&#8220;540px&#8220;][\/vc_column][\/vc_row][vc_row full_width=&#8220;stretch_row&#8220; equal_height=&#8220;yes&#8220; content_placement=&#8220;middle&#8220; css=&#8220;.vc_custom_1549964330986{padding-top: 25px !important;padding-bottom: 60px !important;background-color: #f7f6f4 !important;background-position: center !important;background-repeat: no-repeat !important;background-size: cover !important;}&#8220; el_class=&#8220;footer-cta&#8220;][vc_column width=&#8220;1\/6&#8243;][\/vc_column][vc_column width=&#8220;3\/6&#8243;][vc_column_text]<strong>TAKE A <span style=\"color: #cf392c;\">BRAKE<\/span> WITH US<br \/>\n<\/strong>Entdecken Sie unsere auch f\u00fcr Ihre Notwendigkeiten geeigneten L\u00f6sungen vollkommen unverbindlich.[\/vc_column_text][\/vc_column][vc_column width=&#8220;1\/6&#8243;]<div class=\"pix_button clear button-center\"><a href=\"http:\/\/www.frenco-italy.com\/de\/kontakte\/\" title=\"\"  class=\"btn btn-outline btn-rectangle  btn-md colorbtn rounded-btn\">KONTAKTIEREN SIE UNS<\/a><\/div>[\/vc_column][vc_column width=&#8220;1\/6&#8243;][\/vc_column][\/vc_row]<\/p>\n","protected":false},"excerpt":{"rendered":"<p>[vc_row full_width=&#8220;stretch_row_content_no_spaces&#8220; content_placement=&#8220;middle&#8220; color_style=&#8220;light&#8220; css=&#8220;.vc_custom_1550136353000{padding-top: 150px !important;padding-bottom: 90px !important;background-image: url(http:\/\/www.frenco-italy.com\/wp-content\/uploads\/2019\/02\/sfondo9.jpg?id=187) !important;background-position: center !important;background-repeat: no-repeat !important;background-size: cover !important;}&#8220; el_class=&#8220;circle-header&#8220;][vc_column width=&#8220;1\/6&#8243;][\/vc_column][vc_column width=&#8220;2\/3&#8243;][\/vc_column][vc_column width=&#8220;1\/6&#8243;][\/vc_column][\/vc_row][vc_row full_width=&#8220;stretch_row&#8220; equal_height=&#8220;yes&#8220; content_placement=&#8220;middle&#8220; css=&#8220;.vc_custom_1549962263854{padding-top: 60px !important;padding-bottom: 0px !important;background-position: center !important;background-repeat: no-repeat !important;background-size: cover !important;}&#8220;][vc_column width=&#8220;1\/6&#8243; set_column_height=&#8220;yes&#8220; column_height=&#8220;540px&#8220;][\/vc_column][vc_column width=&#8220;2\/3&#8243;][vc_separator color=&#8220;black&#8220;&#8230;<\/p>\n","protected":false},"author":1,"featured_media":0,"parent":996,"menu_order":0,"comment_status":"closed","ping_status":"closed","template":"","meta":{"footnotes":""},"class_list":["post-936","page","type-page","status-publish","hentry"],"_links":{"self":[{"href":"https:\/\/www.frenco-italy.com\/de\/wp-json\/wp\/v2\/pages\/936","targetHints":{"allow":["GET"]}}],"collection":[{"href":"https:\/\/www.frenco-italy.com\/de\/wp-json\/wp\/v2\/pages"}],"about":[{"href":"https:\/\/www.frenco-italy.com\/de\/wp-json\/wp\/v2\/types\/page"}],"author":[{"embeddable":true,"href":"https:\/\/www.frenco-italy.com\/de\/wp-json\/wp\/v2\/users\/1"}],"replies":[{"embeddable":true,"href":"https:\/\/www.frenco-italy.com\/de\/wp-json\/wp\/v2\/comments?post=936"}],"version-history":[{"count":4,"href":"https:\/\/www.frenco-italy.com\/de\/wp-json\/wp\/v2\/pages\/936\/revisions"}],"predecessor-version":[{"id":1093,"href":"https:\/\/www.frenco-italy.com\/de\/wp-json\/wp\/v2\/pages\/936\/revisions\/1093"}],"up":[{"embeddable":true,"href":"https:\/\/www.frenco-italy.com\/de\/wp-json\/wp\/v2\/pages\/996"}],"wp:attachment":[{"href":"https:\/\/www.frenco-italy.com\/de\/wp-json\/wp\/v2\/media?parent=936"}],"curies":[{"name":"wp","href":"https:\/\/api.w.org\/{rel}","templated":true}]}}