{"id":925,"date":"2019-02-12T11:31:24","date_gmt":"2019-02-12T10:31:24","guid":{"rendered":"http:\/\/www.frenco-italy.com\/supporto-tecnico\/"},"modified":"2019-04-29T12:39:24","modified_gmt":"2019-04-29T10:39:24","slug":"technische-unterstuetzung","status":"publish","type":"page","link":"https:\/\/www.frenco-italy.com\/de\/das-unternehmen\/technische-unterstuetzung\/","title":{"rendered":"Technische Unterst\u00fctzung"},"content":{"rendered":"<p>[vc_row full_width=&#8220;stretch_row_content_no_spaces&#8220; content_placement=&#8220;middle&#8220; color_style=&#8220;light&#8220; css=&#8220;.vc_custom_1549967591331{padding-top: 150px !important;padding-bottom: 90px !important;background-image: url(http:\/\/www.frenco-italy.com\/wp-content\/uploads\/2019\/02\/sfondo3.jpg?id=29) !important;background-position: center !important;background-repeat: no-repeat !important;background-size: cover !important;}&#8220; el_class=&#8220;circle-header&#8220;][vc_column width=&#8220;1\/6&#8243;][\/vc_column][vc_column width=&#8220;2\/3&#8243;]<div class=\" size-sm align-center clearfix  pix-animate-cre\" data-trans=\"fadeInUp\"  data-duration=\"\"  data-delay=\"\"><h1 class=\"main-title title \" style=\"font-size: 60px; \">Das Unternehmen<\/h1><\/div>[\/vc_column][vc_column width=&#8220;1\/6&#8243;][\/vc_column][\/vc_row][vc_row full_width=&#8220;stretch_row&#8220; equal_height=&#8220;yes&#8220; content_placement=&#8220;middle&#8220; css=&#8220;.vc_custom_1549962263854{padding-top: 60px !important;padding-bottom: 0px !important;background-position: center !important;background-repeat: no-repeat !important;background-size: cover !important;}&#8220;][vc_column width=&#8220;1\/6&#8243; set_column_height=&#8220;yes&#8220; column_height=&#8220;540px&#8220;][\/vc_column][vc_column width=&#8220;2\/3&#8243;][vc_column_text css_animation=&#8220;fadeInUp&#8220; el_class=&#8220;magenta-title&#8220;]<\/p>\n<h2 style=\"text-align: center;\">Technische Unterst\u00fctzung<\/h2>\n<p>[\/vc_column_text][vc_separator color=&#8220;black&#8220; border_width=&#8220;2&#8243; el_width=&#8220;10&#8243; css_animation=&#8220;fadeInUp&#8220;][vc_column_text css_animation=&#8220;fadeInUp&#8220;]FRENCO bietet seiner Kundschaft, dank eines Fachteams, einer immer aktualisierten Software sowie neuer Testwerkzeuge, eine technische Unterst\u00fctzung f\u00fcr die Planung neuer Produkte und die Optimierung der vorhandenen Produkte.<br \/>\nFrenco verf\u00fcgt \u00fcber eine interne Tr\u00e4gheitsbank, durch die das Unternehmen seiner Kundschaft Unterst\u00fctzung und Service bei der Kontrolle der Produktleistungen liefert.<\/p>\n<p>Dank eines technischen Fachteams bietet FRENCO der Kundschaft Unterst\u00fctzung und Service f\u00fcr:[\/vc_column_text][\/vc_column][vc_column width=&#8220;1\/6&#8243;][\/vc_column][\/vc_row][vc_row full_width=&#8220;stretch_row&#8220; equal_height=&#8220;yes&#8220; css=&#8220;.vc_custom_1550484594557{padding-top: 0px !important;padding-bottom: 0px !important;background-position: center !important;background-repeat: no-repeat !important;background-size: cover !important;}&#8220;][vc_column width=&#8220;1\/6&#8243; set_column_height=&#8220;yes&#8220; column_height=&#8220;540px&#8220;][\/vc_column][vc_column css_animation=&#8220;fadeInLeft&#8220; width=&#8220;1\/6&#8243;][vc_single_image image=&#8220;603&#8243; img_size=&#8220;full&#8220; alignment=&#8220;center&#8220;][vc_separator color=&#8220;black&#8220; border_width=&#8220;2&#8243; el_width=&#8220;30&#8243; css_animation=&#8220;fadeInUp&#8220; css=&#8220;.vc_custom_1549968677858{margin-top: 20px !important;margin-bottom: 20px !important;}&#8220;][vc_column_text el_class=&#8220;rnd-box&#8220;]<\/p>\n<p style=\"text-align: center;\"><strong>OPTIMIERUNG<\/strong><br \/>\nund Entwicklung der Produkte<\/p>\n<p>[\/vc_column_text][\/vc_column][vc_column css_animation=&#8220;fadeInUp&#8220; width=&#8220;1\/6&#8243;][vc_single_image image=&#8220;606&#8243; img_size=&#8220;full&#8220; alignment=&#8220;center&#8220;][vc_separator color=&#8220;black&#8220; border_width=&#8220;2&#8243; el_width=&#8220;30&#8243; css_animation=&#8220;fadeInUp&#8220; css=&#8220;.vc_custom_1549969285933{margin-top: 20px !important;margin-bottom: 20px !important;}&#8220;][vc_column_text el_class=&#8220;rnd-box&#8220;]<\/p>\n<p style=\"text-align: center;\"><strong>SERVICE<\/strong><br \/>\nund Prototypenbau neuer Produkte<\/p>\n<p>[\/vc_column_text][\/vc_column][vc_column css_animation=&#8220;fadeInUp&#8220; width=&#8220;1\/6&#8243;][vc_single_image image=&#8220;609&#8243; img_size=&#8220;full&#8220; alignment=&#8220;center&#8220;][vc_separator color=&#8220;black&#8220; border_width=&#8220;2&#8243; el_width=&#8220;30&#8243; css_animation=&#8220;fadeInUp&#8220; css=&#8220;.vc_custom_1549968823100{margin-top: 20px !important;margin-bottom: 20px !important;}&#8220;][vc_column_text el_class=&#8220;rnd-box&#8220;]<\/p>\n<p style=\"text-align: center;\"><strong>SERVICE<\/strong><br \/>\nund Industrialisierung von Spezialprodukten<\/p>\n<p>[\/vc_column_text][\/vc_column][vc_column css_animation=&#8220;fadeInRight&#8220; width=&#8220;1\/6&#8243;][vc_single_image image=&#8220;612&#8243; img_size=&#8220;full&#8220; alignment=&#8220;center&#8220;][vc_separator color=&#8220;black&#8220; border_width=&#8220;2&#8243; el_width=&#8220;30&#8243; css_animation=&#8220;fadeInUp&#8220; css=&#8220;.vc_custom_1549968830613{margin-top: 20px !important;margin-bottom: 20px !important;}&#8220;][vc_column_text el_class=&#8220;rnd-box&#8220;]<\/p>\n<p style=\"text-align: center;\"><strong>SERVICE<\/strong><br \/>\nund Erstellung von spezifischen Ausr\u00fcstungen<\/p>\n<p>[\/vc_column_text][\/vc_column][vc_column width=&#8220;1\/6&#8243;][\/vc_column][\/vc_row][vc_row full_width=&#8220;stretch_row&#8220; equal_height=&#8220;yes&#8220; css=&#8220;.vc_custom_1549971902327{padding-top: 0px !important;padding-bottom: 0px !important;background-position: center !important;background-repeat: no-repeat !important;background-size: cover !important;}&#8220;][vc_column width=&#8220;3\/12&#8243; set_column_height=&#8220;yes&#8220; column_height=&#8220;540px&#8220;][\/vc_column][vc_column css_animation=&#8220;fadeInLeft&#8220; width=&#8220;1\/6&#8243;][vc_single_image image=&#8220;618&#8243; img_size=&#8220;full&#8220; alignment=&#8220;center&#8220;][vc_separator color=&#8220;black&#8220; border_width=&#8220;2&#8243; el_width=&#8220;30&#8243; css_animation=&#8220;fadeInUp&#8220; css=&#8220;.vc_custom_1549968677858{margin-top: 20px !important;margin-bottom: 20px !important;}&#8220;][vc_column_text el_class=&#8220;rnd-box&#8220;]<\/p>\n<p style=\"text-align: center;\"><strong>\u00a0KONTROLLE<\/strong><br \/>\ninterne kontrolle der Produktleistung mit Tr\u00e4gheitsbank<\/p>\n<p>[\/vc_column_text][\/vc_column][vc_column css_animation=&#8220;fadeInUp&#8220; width=&#8220;1\/6&#8243;][vc_single_image image=&#8220;621&#8243; img_size=&#8220;full&#8220; alignment=&#8220;center&#8220;][vc_separator color=&#8220;black&#8220; border_width=&#8220;2&#8243; el_width=&#8220;30&#8243; css_animation=&#8220;fadeInUp&#8220; css=&#8220;.vc_custom_1549969285933{margin-top: 20px !important;margin-bottom: 20px !important;}&#8220;][vc_column_text el_class=&#8220;rnd-box&#8220;]<\/p>\n<p style=\"text-align: center;\"><strong>BONDING TEST<\/strong><br \/>\nBest\u00e4ndigkeitskontrolle der Verklebung der Reibmaterialien<\/p>\n<p>[\/vc_column_text][\/vc_column][vc_column css_animation=&#8220;fadeInRight&#8220; width=&#8220;1\/6&#8243;][vc_single_image image=&#8220;615&#8243; img_size=&#8220;full&#8220; alignment=&#8220;center&#8220;][vc_separator color=&#8220;black&#8220; border_width=&#8220;2&#8243; el_width=&#8220;30&#8243; css_animation=&#8220;fadeInUp&#8220; css=&#8220;.vc_custom_1549968823100{margin-top: 20px !important;margin-bottom: 20px !important;}&#8220;][vc_column_text el_class=&#8220;rnd-box&#8220;]<\/p>\n<p style=\"text-align: center;\"><strong>\u00dcBERPR\u00dcFUNG<\/strong><br \/>\nDreidimensionale \u00fcberpr\u00fcfung der Produktartikel<\/p>\n<p>[\/vc_column_text][\/vc_column][vc_column width=&#8220;3\/12&#8243;][\/vc_column][\/vc_row][vc_row full_width=&#8220;stretch_row&#8220; equal_height=&#8220;yes&#8220; content_placement=&#8220;middle&#8220; css=&#8220;.vc_custom_1549964330986{padding-top: 25px !important;padding-bottom: 60px !important;background-color: #f7f6f4 !important;background-position: center !important;background-repeat: no-repeat !important;background-size: cover !important;}&#8220; el_class=&#8220;footer-cta&#8220;][vc_column width=&#8220;1\/6&#8243;][\/vc_column][vc_column width=&#8220;3\/6&#8243;][vc_column_text]<strong>TAKE A <span style=\"color: #cf392c;\">BRAKE<\/span> WITH US<br \/>\n<\/strong>Entdecken Sie unsere auch f\u00fcr Ihre Notwendigkeiten geeigneten L\u00f6sungen vollkommen unverbindlich.[\/vc_column_text][\/vc_column][vc_column width=&#8220;1\/6&#8243;]<div class=\"pix_button clear button-center\"><a href=\"http:\/\/www.frenco-italy.com\/de\/kontakte\/\" title=\"\"  class=\"btn btn-outline btn-rectangle  btn-md colorbtn rounded-btn\">Kontakt<\/a><\/div>[\/vc_column][vc_column width=&#8220;1\/6&#8243;][\/vc_column][\/vc_row]<\/p>\n","protected":false},"excerpt":{"rendered":"<p>[vc_row full_width=&#8220;stretch_row_content_no_spaces&#8220; content_placement=&#8220;middle&#8220; color_style=&#8220;light&#8220; css=&#8220;.vc_custom_1549967591331{padding-top: 150px !important;padding-bottom: 90px !important;background-image: url(http:\/\/www.frenco-italy.com\/wp-content\/uploads\/2019\/02\/sfondo3.jpg?id=29) !important;background-position: center !important;background-repeat: no-repeat !important;background-size: cover !important;}&#8220; el_class=&#8220;circle-header&#8220;][vc_column width=&#8220;1\/6&#8243;][\/vc_column][vc_column width=&#8220;2\/3&#8243;][\/vc_column][vc_column width=&#8220;1\/6&#8243;][\/vc_column][\/vc_row][vc_row full_width=&#8220;stretch_row&#8220; equal_height=&#8220;yes&#8220; content_placement=&#8220;middle&#8220; css=&#8220;.vc_custom_1549962263854{padding-top: 60px !important;padding-bottom: 0px !important;background-position: center !important;background-repeat: no-repeat !important;background-size: cover !important;}&#8220;][vc_column width=&#8220;1\/6&#8243; set_column_height=&#8220;yes&#8220; column_height=&#8220;540px&#8220;][\/vc_column][vc_column width=&#8220;2\/3&#8243;][vc_column_text css_animation=&#8220;fadeInUp&#8220;&#8230;<\/p>\n","protected":false},"author":1,"featured_media":0,"parent":989,"menu_order":0,"comment_status":"closed","ping_status":"closed","template":"","meta":{"footnotes":""},"class_list":["post-925","page","type-page","status-publish","hentry"],"_links":{"self":[{"href":"https:\/\/www.frenco-italy.com\/de\/wp-json\/wp\/v2\/pages\/925","targetHints":{"allow":["GET"]}}],"collection":[{"href":"https:\/\/www.frenco-italy.com\/de\/wp-json\/wp\/v2\/pages"}],"about":[{"href":"https:\/\/www.frenco-italy.com\/de\/wp-json\/wp\/v2\/types\/page"}],"author":[{"embeddable":true,"href":"https:\/\/www.frenco-italy.com\/de\/wp-json\/wp\/v2\/users\/1"}],"replies":[{"embeddable":true,"href":"https:\/\/www.frenco-italy.com\/de\/wp-json\/wp\/v2\/comments?post=925"}],"version-history":[{"count":5,"href":"https:\/\/www.frenco-italy.com\/de\/wp-json\/wp\/v2\/pages\/925\/revisions"}],"predecessor-version":[{"id":1092,"href":"https:\/\/www.frenco-italy.com\/de\/wp-json\/wp\/v2\/pages\/925\/revisions\/1092"}],"up":[{"embeddable":true,"href":"https:\/\/www.frenco-italy.com\/de\/wp-json\/wp\/v2\/pages\/989"}],"wp:attachment":[{"href":"https:\/\/www.frenco-italy.com\/de\/wp-json\/wp\/v2\/media?parent=925"}],"curies":[{"name":"wp","href":"https:\/\/api.w.org\/{rel}","templated":true}]}}