{"id":890,"date":"2019-02-12T11:00:14","date_gmt":"2019-02-12T10:00:14","guid":{"rendered":"http:\/\/www.frenco-italy.com\/chi-siamo\/"},"modified":"2024-11-15T09:19:17","modified_gmt":"2024-11-15T08:19:17","slug":"wer-sind-wir","status":"publish","type":"page","link":"https:\/\/www.frenco-italy.com\/de\/das-unternehmen\/wer-sind-wir\/","title":{"rendered":"Wer sind wir"},"content":{"rendered":"<p>[vc_row full_width=&#8220;stretch_row_content_no_spaces&#8220; content_placement=&#8220;middle&#8220; color_style=&#8220;light&#8220; css=&#8220;.vc_custom_1549965117662{padding-top: 150px !important;padding-bottom: 90px !important;background-image: url(http:\/\/www.frenco-italy.com\/wp-content\/uploads\/2019\/02\/SFONDO1.jpg?id=20) !important;background-position: center !important;background-repeat: no-repeat !important;background-size: cover !important;}&#8220; el_class=&#8220;circle-header&#8220;][vc_column width=&#8220;1\/6&#8243;][\/vc_column][vc_column width=&#8220;2\/3&#8243;]<div class=\" size-sm align-center clearfix  pix-animate-cre\" data-trans=\"fadeInUp\"  data-duration=\"\"  data-delay=\"\"><h1 class=\"main-title title \" style=\"font-size: 60px; \">Das Unternehmen<\/h1><\/div>[\/vc_column][vc_column width=&#8220;1\/6&#8243;][\/vc_column][\/vc_row][vc_row full_width=&#8220;stretch_row&#8220; equal_height=&#8220;yes&#8220; content_placement=&#8220;middle&#8220; css=&#8220;.vc_custom_1549962263854{padding-top: 60px !important;padding-bottom: 0px !important;background-position: center !important;background-repeat: no-repeat !important;background-size: cover !important;}&#8220;][vc_column width=&#8220;1\/6&#8243; set_column_height=&#8220;yes&#8220; column_height=&#8220;540px&#8220;][\/vc_column][vc_column width=&#8220;2\/3&#8243; css=&#8220;.vc_custom_1550482221448{padding-bottom: 15px !important;}&#8220;][vc_column_text css_animation=&#8220;fadeInUp&#8220; el_class=&#8220;magenta-title&#8220;]<\/p>\n<h1 style=\"text-align: center;\">Wer sind wir<\/h1>\n<p>[\/vc_column_text][vc_separator color=&#8220;black&#8220; border_width=&#8220;2&#8243; el_width=&#8220;10&#8243; css_animation=&#8220;fadeInUp&#8220;][vc_column_text css_animation=&#8220;fadeInUp&#8220;]FRENCO ist ein Fachunternehmen f\u00fcr die Herstellung von Bremsbacken und Bremsmassen.<\/p>\n<p>Die breite Produktpalette reicht von Bremsen kleiner Abmessungen mit \u00f8 135 bis zu einem \u00f8 von mehr als 400.<\/p>\n<p>Das Hauptanwendungsfeld der von FRENCO produzierten Bremsen liegt bei landwirtschaftlich genutzten Anh\u00e4ngern. FRENCO bietet au\u00dferdem die Verklebung und Vernietung f\u00fcr jegliches Reibmaterial, f\u00fcr die Herstellung von Kupplungen und Bremssystemen f\u00fcr verschiedene Anwendungsfelder an.<br \/>\nDas 1990 entstandene Unternehmen FRENCO kann, dank der Marktpr\u00e4senz der Gr\u00fcnderfamilie seit 1965, auf die Professionalit\u00e4t und das gereifte Knowhow z\u00e4hlen. Im Laufe der Jahre gelang es dem Unternehmen, f\u00fcr Innovation zu sorgen und sich auch strukturell sowie technologisch zu erneuern, indem sein Maschinenpark, seine Produktionsansiedlung (die heute auf einem Produktionsareal von 4000 m\u00b2 agiert), seine Produktpalette und die seinen Kunden angebotenen Bearbeitungen ausgebaut wurden.<\/p>\n<p>2010 entsteht AXF, die Fachabteilung von FRENCO, die sich auf die Herstellung von Torsionsachsen, Bremssystemen f\u00fcr leichte Anh\u00e4nger (bis zu 3500 kg) spezialisiert hat, die insbesondere f\u00fcr den Stra\u00dfenbereich bestimmt sind.<\/p>\n<p>Die Qualit\u00e4t von FRENCO Bearbeitungen und Anwendungen ergibt sich aus der Expertise und der synergetischen Arbeit seines Teams; das Unternehmen widmet besondere Aufmerksamkeit seinem Team, z.B. Welfare-Leistungen mit zahlreichen Vorteilen f\u00fcr die Mitarbeiter.<\/p>\n<p>[\/vc_column_text][vc_single_image image=&#8220;627&#8243; img_size=&#8220;full&#8220; alignment=&#8220;center&#8220; onclick=&#8220;custom_link&#8220; img_link_target=&#8220;_blank&#8220; link=&#8220;https:\/\/www.frenco-italy.com\/wp-content\/uploads\/2024\/11\/AM02_PoliticaQualita_rev6_19-09-2024..pdf&#8220;][vc_column_text css_animation=&#8220;fadeInUp&#8220;]<\/p>\n<p style=\"text-align: center; line-height: 120%; margin-top: -20px;\"><a style=\"color: #cf392c;\" href=\"https:\/\/www.frenco-italy.com\/wp-content\/uploads\/2024\/11\/AM02_PoliticaQualita_rev6_19-09-2024..pdf\" target=\"_blank\" rel=\"noopener noreferrer\">Download PDF<\/a><\/p>\n<p>[\/vc_column_text][\/vc_column][vc_column width=&#8220;1\/6&#8243;][\/vc_column][\/vc_row][vc_row full_width=&#8220;stretch_row&#8220; equal_height=&#8220;yes&#8220; content_placement=&#8220;middle&#8220; css=&#8220;.vc_custom_1549964330986{padding-top: 25px !important;padding-bottom: 60px !important;background-color: #f7f6f4 !important;background-position: center !important;background-repeat: no-repeat !important;background-size: cover !important;}&#8220; el_class=&#8220;footer-cta&#8220;][vc_column width=&#8220;1\/6&#8243;][\/vc_column][vc_column width=&#8220;3\/6&#8243;][vc_column_text]<strong>TAKE A <span style=\"color: #cf392c;\">BRAKE<\/span> WITH US<br \/>\n<\/strong>Entdecken Sie unsere auch f\u00fcr Ihre Notwendigkeiten geeigneten L\u00f6sungen vollkommen unverbindlich.[\/vc_column_text][\/vc_column][vc_column width=&#8220;1\/6&#8243;]<div class=\"pix_button clear button-center\"><a href=\"http:\/\/www.frenco-italy.com\/de\/kontakte\/\" title=\"\"  class=\"btn btn-outline btn-rectangle  btn-md colorbtn rounded-btn\">KONTAKTIEREN SIE UNS<\/a><\/div>[\/vc_column][vc_column width=&#8220;1\/6&#8243;][\/vc_column][\/vc_row]<\/p>\n","protected":false},"excerpt":{"rendered":"<p>[vc_row full_width=&#8220;stretch_row_content_no_spaces&#8220; content_placement=&#8220;middle&#8220; color_style=&#8220;light&#8220; css=&#8220;.vc_custom_1549965117662{padding-top: 150px !important;padding-bottom: 90px !important;background-image: url(http:\/\/www.frenco-italy.com\/wp-content\/uploads\/2019\/02\/SFONDO1.jpg?id=20) !important;background-position: center !important;background-repeat: no-repeat !important;background-size: cover !important;}&#8220; el_class=&#8220;circle-header&#8220;][vc_column width=&#8220;1\/6&#8243;][\/vc_column][vc_column width=&#8220;2\/3&#8243;][\/vc_column][vc_column width=&#8220;1\/6&#8243;][\/vc_column][\/vc_row][vc_row full_width=&#8220;stretch_row&#8220; equal_height=&#8220;yes&#8220; content_placement=&#8220;middle&#8220; css=&#8220;.vc_custom_1549962263854{padding-top: 60px !important;padding-bottom: 0px !important;background-position: center !important;background-repeat: no-repeat !important;background-size: cover !important;}&#8220;][vc_column width=&#8220;1\/6&#8243; set_column_height=&#8220;yes&#8220; column_height=&#8220;540px&#8220;][\/vc_column][vc_column width=&#8220;2\/3&#8243; css=&#8220;.vc_custom_1550482221448{padding-bottom:&#8230;<\/p>\n","protected":false},"author":1,"featured_media":0,"parent":989,"menu_order":0,"comment_status":"closed","ping_status":"closed","template":"","meta":[],"_links":{"self":[{"href":"https:\/\/www.frenco-italy.com\/de\/wp-json\/wp\/v2\/pages\/890"}],"collection":[{"href":"https:\/\/www.frenco-italy.com\/de\/wp-json\/wp\/v2\/pages"}],"about":[{"href":"https:\/\/www.frenco-italy.com\/de\/wp-json\/wp\/v2\/types\/page"}],"author":[{"embeddable":true,"href":"https:\/\/www.frenco-italy.com\/de\/wp-json\/wp\/v2\/users\/1"}],"replies":[{"embeddable":true,"href":"https:\/\/www.frenco-italy.com\/de\/wp-json\/wp\/v2\/comments?post=890"}],"version-history":[{"count":12,"href":"https:\/\/www.frenco-italy.com\/de\/wp-json\/wp\/v2\/pages\/890\/revisions"}],"predecessor-version":[{"id":1391,"href":"https:\/\/www.frenco-italy.com\/de\/wp-json\/wp\/v2\/pages\/890\/revisions\/1391"}],"up":[{"embeddable":true,"href":"https:\/\/www.frenco-italy.com\/de\/wp-json\/wp\/v2\/pages\/989"}],"wp:attachment":[{"href":"https:\/\/www.frenco-italy.com\/de\/wp-json\/wp\/v2\/media?parent=890"}],"curies":[{"name":"wp","href":"https:\/\/api.w.org\/{rel}","templated":true}]}}